{"id":15581,"date":"2025-10-25T12:01:48","date_gmt":"2025-10-25T12:01:48","guid":{"rendered":"https:\/\/wool-art.com\/?post_type=product&#038;p=15581"},"modified":"2026-04-30T09:23:52","modified_gmt":"2026-04-30T09:23:52","slug":"kardigan-24wj01","status":"publish","type":"product","link":"https:\/\/wool-art.com\/en\/product\/kardigan-24wj01\/","title":{"rendered":"KARDIGAN 24wj01"},"content":{"rendered":"<p>\u017denski vuneni kardigan 24wj01 je model ru\u010dno izra\u0111en od 100% prirodne ov\u010dije vune. Opis modela: bele osnove sa upletajima inspirisanim tradicionalnim motivom Pirotskog \u0107ilima. Ovaj komad donosi spoj prirodnog materijala, funkcionalnosti i prepoznatljivog Wool Art izraza.<\/p>\n<p>Tanje predivo \u010dini ga prijatnim za no\u0161enje kada je potreban laganiji sloj, dok kontrast jarkih boja daje kardiganu poseban i nesvakida\u0161nji izgled. Model je namenjen za prelazni period, prole\u0107e i jesen i lako se uklapa u svakodnevne, elegantne ili upe\u010datljive zimske kombinacije. Ovaj model je dobar izbor za \u017eene koje \u017eele kvalitetnu garderobu od prirodnih materijala, udobnost u prelaznom periodu i autenti\u010dan karakter ru\u010dne izrade.<\/p>\n<p>Sastav: 100% prirodna ov\u010dija vuna.<br \/>\nHandmade product.<\/p>","protected":false},"excerpt":{"rendered":"<p>Ru\u010dno ra\u0111en \u017eenski vuneni kardigan bele osnove sa upletajima inspirisanim tradicionalnim motivom Pirotskog \u0107ilima. Izra\u0111en od 100% prirodne ov\u010dije vune, pogodan za prelazni period, prole\u0107e i jesen.<\/p>","protected":false},"featured_media":15583,"comment_status":"open","ping_status":"closed","template":"","meta":[],"product_brand":[],"product_cat":[70],"product_tag":[],"class_list":{"0":"post-15581","1":"product","2":"type-product","3":"status-publish","4":"has-post-thumbnail","6":"product_cat-jakne-kardigani","8":"first","9":"instock","10":"shipping-taxable","11":"purchasable","12":"product-type-variable"},"_links":{"self":[{"href":"https:\/\/wool-art.com\/en\/wp-json\/wp\/v2\/product\/15581","targetHints":{"allow":["GET"]}}],"collection":[{"href":"https:\/\/wool-art.com\/en\/wp-json\/wp\/v2\/product"}],"about":[{"href":"https:\/\/wool-art.com\/en\/wp-json\/wp\/v2\/types\/product"}],"replies":[{"embeddable":true,"href":"https:\/\/wool-art.com\/en\/wp-json\/wp\/v2\/comments?post=15581"}],"version-history":[{"count":3,"href":"https:\/\/wool-art.com\/en\/wp-json\/wp\/v2\/product\/15581\/revisions"}],"predecessor-version":[{"id":56733,"href":"https:\/\/wool-art.com\/en\/wp-json\/wp\/v2\/product\/15581\/revisions\/56733"}],"wp:featuredmedia":[{"embeddable":true,"href":"https:\/\/wool-art.com\/en\/wp-json\/wp\/v2\/media\/15583"}],"wp:attachment":[{"href":"https:\/\/wool-art.com\/en\/wp-json\/wp\/v2\/media?parent=15581"}],"wp:term":[{"taxonomy":"product_brand","embeddable":true,"href":"https:\/\/wool-art.com\/en\/wp-json\/wp\/v2\/product_brand?post=15581"},{"taxonomy":"product_cat","embeddable":true,"href":"https:\/\/wool-art.com\/en\/wp-json\/wp\/v2\/product_cat?post=15581"},{"taxonomy":"product_tag","embeddable":true,"href":"https:\/\/wool-art.com\/en\/wp-json\/wp\/v2\/product_tag?post=15581"}],"curies":[{"name":"wp","href":"https:\/\/api.w.org\/{rel}","templated":true}]}}