{"id":15585,"date":"2025-10-25T12:04:06","date_gmt":"2025-10-25T12:04:06","guid":{"rendered":"https:\/\/wool-art.com\/?post_type=product&#038;p=15585"},"modified":"2026-04-30T09:23:52","modified_gmt":"2026-04-30T09:23:52","slug":"kaput-breza-limited-edition","status":"publish","type":"product","link":"https:\/\/wool-art.com\/en\/product\/kaput-breza-limited-edition\/","title":{"rendered":"KAPUT BREZA limited edition"},"content":{"rendered":"<p>\u017denski vuneni kaput BREZA je model ru\u010dno izra\u0111en od 100% prirodne ov\u010dije vune. Opis modela: sa motivom drveta breze sa ru\u010dno vezenim detaljima i odvojivom kapulja\u010dom. Ovaj komad donosi spoj prirodnog materijala, funkcionalnosti i prepoznatljivog Wool Art izraza.<\/p>\n<p>Limited edition izrada, slo\u017eena struktura i raznobojni detalji \u010dine ovaj kaput izrazito atraktivnim komadom za \u017eene koje vole autenti\u010dnu ru\u010dno ra\u0111enu ode\u0107u. Model je namenjen za prole\u0107e, jesen i posebne prilike i lako se uklapa u svakodnevne, elegantne ili upe\u010datljive zimske kombinacije. Ovaj model je dobar izbor za \u017eene koje \u017eele kvalitetnu garderobu od prirodnih materijala, udobnost u prelaznom periodu i autenti\u010dan karakter ru\u010dne izrade.<\/p>\n<p>Sastav: 100% prirodna ov\u010dija vuna.<br \/>\nHandmade product.<\/p>","protected":false},"excerpt":{"rendered":"<p>Ru\u010dno ra\u0111en \u017eenski vuneni kaput sa motivom drveta breze sa ru\u010dno vezenim detaljima i odvojivom kapulja\u010dom. Izra\u0111en od 100% prirodne ov\u010dije vune, pogodan za prole\u0107e, jesen i posebne prilike.<\/p>","protected":false},"featured_media":15587,"comment_status":"open","ping_status":"closed","template":"","meta":[],"product_brand":[],"product_cat":[70],"product_tag":[],"class_list":{"0":"post-15585","1":"product","2":"type-product","3":"status-publish","4":"has-post-thumbnail","6":"product_cat-jakne-kardigani","8":"first","9":"instock","10":"shipping-taxable","11":"purchasable","12":"product-type-variable"},"_links":{"self":[{"href":"https:\/\/wool-art.com\/en\/wp-json\/wp\/v2\/product\/15585","targetHints":{"allow":["GET"]}}],"collection":[{"href":"https:\/\/wool-art.com\/en\/wp-json\/wp\/v2\/product"}],"about":[{"href":"https:\/\/wool-art.com\/en\/wp-json\/wp\/v2\/types\/product"}],"replies":[{"embeddable":true,"href":"https:\/\/wool-art.com\/en\/wp-json\/wp\/v2\/comments?post=15585"}],"version-history":[{"count":2,"href":"https:\/\/wool-art.com\/en\/wp-json\/wp\/v2\/product\/15585\/revisions"}],"predecessor-version":[{"id":56734,"href":"https:\/\/wool-art.com\/en\/wp-json\/wp\/v2\/product\/15585\/revisions\/56734"}],"wp:featuredmedia":[{"embeddable":true,"href":"https:\/\/wool-art.com\/en\/wp-json\/wp\/v2\/media\/15587"}],"wp:attachment":[{"href":"https:\/\/wool-art.com\/en\/wp-json\/wp\/v2\/media?parent=15585"}],"wp:term":[{"taxonomy":"product_brand","embeddable":true,"href":"https:\/\/wool-art.com\/en\/wp-json\/wp\/v2\/product_brand?post=15585"},{"taxonomy":"product_cat","embeddable":true,"href":"https:\/\/wool-art.com\/en\/wp-json\/wp\/v2\/product_cat?post=15585"},{"taxonomy":"product_tag","embeddable":true,"href":"https:\/\/wool-art.com\/en\/wp-json\/wp\/v2\/product_tag?post=15585"}],"curies":[{"name":"wp","href":"https:\/\/api.w.org\/{rel}","templated":true}]}}