{"id":15641,"date":"2025-10-21T09:44:43","date_gmt":"2025-10-21T09:44:43","guid":{"rendered":"https:\/\/wool-art.com\/?post_type=product&#038;p=15641"},"modified":"2026-04-30T09:23:52","modified_gmt":"2026-04-30T09:23:52","slug":"jakna-crna-14wj04","status":"publish","type":"product","link":"https:\/\/wool-art.com\/en\/product\/jakna-crna-14wj04\/","title":{"rendered":"JAKNA crna 14wj04"},"content":{"rendered":"<p>\u017denska vunena jakna 14wj04 je model ru\u010dno izra\u0111en od 100% prirodne vune. Opis modela: crne boje srednje du\u017eine sa kapulja\u010dom. Ovaj komad donosi spoj prirodnog materijala, funkcionalnosti i prepoznatljivog Wool Art izraza.<\/p>\n<p>Crna boja je laka za kombinovanje, a kapulja\u010da daje dodatnu prakti\u010dnost tokom promenljivog vremena. Model je namenjen za hladne dane i svakodnevno no\u0161enje i lako se uklapa u svakodnevne, elegantne ili upe\u010datljive zimske kombinacije. Ovaj model je dobar izbor za \u017eene koje \u017eele kvalitetnu garderobu od prirodnih materijala, toplinu, udobnost i autenti\u010dan karakter ru\u010dne izrade.<\/p>\n<p>Composition: 100% natural wool.<br \/>\nHandmade product.<\/p>","protected":false},"excerpt":{"rendered":"<p>Ru\u010dno ra\u0111ena \u017eenska vunena jakna crne boje srednje du\u017eine sa kapulja\u010dom. Izra\u0111ena od 100% prirodne vune, pogodna za hladne dane i svakodnevno no\u0161enje.<\/p>","protected":false},"featured_media":15643,"comment_status":"open","ping_status":"closed","template":"","meta":[],"product_brand":[],"product_cat":[70,71],"product_tag":[],"class_list":{"0":"post-15641","1":"product","2":"type-product","3":"status-publish","4":"has-post-thumbnail","6":"product_cat-jakne-kardigani","7":"product_cat-zenska-kolekcija","9":"first","10":"instock","11":"shipping-taxable","12":"purchasable","13":"product-type-variable"},"_links":{"self":[{"href":"https:\/\/wool-art.com\/en\/wp-json\/wp\/v2\/product\/15641","targetHints":{"allow":["GET"]}}],"collection":[{"href":"https:\/\/wool-art.com\/en\/wp-json\/wp\/v2\/product"}],"about":[{"href":"https:\/\/wool-art.com\/en\/wp-json\/wp\/v2\/types\/product"}],"replies":[{"embeddable":true,"href":"https:\/\/wool-art.com\/en\/wp-json\/wp\/v2\/comments?post=15641"}],"version-history":[{"count":2,"href":"https:\/\/wool-art.com\/en\/wp-json\/wp\/v2\/product\/15641\/revisions"}],"predecessor-version":[{"id":56737,"href":"https:\/\/wool-art.com\/en\/wp-json\/wp\/v2\/product\/15641\/revisions\/56737"}],"wp:featuredmedia":[{"embeddable":true,"href":"https:\/\/wool-art.com\/en\/wp-json\/wp\/v2\/media\/15643"}],"wp:attachment":[{"href":"https:\/\/wool-art.com\/en\/wp-json\/wp\/v2\/media?parent=15641"}],"wp:term":[{"taxonomy":"product_brand","embeddable":true,"href":"https:\/\/wool-art.com\/en\/wp-json\/wp\/v2\/product_brand?post=15641"},{"taxonomy":"product_cat","embeddable":true,"href":"https:\/\/wool-art.com\/en\/wp-json\/wp\/v2\/product_cat?post=15641"},{"taxonomy":"product_tag","embeddable":true,"href":"https:\/\/wool-art.com\/en\/wp-json\/wp\/v2\/product_tag?post=15641"}],"curies":[{"name":"wp","href":"https:\/\/api.w.org\/{rel}","templated":true}]}}