{"id":15648,"date":"2025-10-22T09:48:07","date_gmt":"2025-10-22T09:48:07","guid":{"rendered":"https:\/\/wool-art.com\/?post_type=product&#038;p=15648"},"modified":"2026-04-30T09:23:52","modified_gmt":"2026-04-30T09:23:52","slug":"jakna-22wj03","status":"publish","type":"product","link":"https:\/\/wool-art.com\/en\/product\/jakna-22wj03\/","title":{"rendered":"Jakna 22WJ03"},"content":{"rendered":"<p>\u017denska vunena jakna 22WJ03 je model ru\u010dno izra\u0111en od 100% prirodne vune. Opis modela: svetlo sive boje sa bogatim floralnim vezovima u raznobojnoj paleti. Ovaj komad donosi spoj prirodnog materijala, funkcionalnosti i prepoznatljivog Wool Art izraza.<\/p>\n<p>Svedena osnova isti\u010de ru\u010dno ra\u0111ene cvetne motive i daje jakni dekorativan, ali lako nosiv karakter. Model je namenjen za hladne dane, \u0161etnju i urbane kombinacije i lako se uklapa u svakodnevne, elegantne ili upe\u010datljive zimske kombinacije. Ovaj model je dobar izbor za \u017eene koje \u017eele kvalitetnu garderobu od prirodnih materijala, toplinu, udobnost i autenti\u010dan karakter ru\u010dne izrade.<\/p>\n<p>Composition: 100% natural wool.<br \/>\nHandmade product.<\/p>","protected":false},"excerpt":{"rendered":"<p>Ru\u010dno ra\u0111ena \u017eenska vunena jakna svetlo sive boje sa bogatim floralnim vezovima u raznobojnoj paleti. Izra\u0111ena od 100% prirodne vune, pogodna za hladne dane, \u0161etnju i urbane kombinacije.<\/p>","protected":false},"featured_media":15650,"comment_status":"open","ping_status":"closed","template":"","meta":[],"product_brand":[],"product_cat":[70,71],"product_tag":[],"class_list":{"0":"post-15648","1":"product","2":"type-product","3":"status-publish","4":"has-post-thumbnail","6":"product_cat-jakne-kardigani","7":"product_cat-zenska-kolekcija","9":"first","10":"instock","11":"shipping-taxable","12":"purchasable","13":"product-type-variable"},"_links":{"self":[{"href":"https:\/\/wool-art.com\/en\/wp-json\/wp\/v2\/product\/15648","targetHints":{"allow":["GET"]}}],"collection":[{"href":"https:\/\/wool-art.com\/en\/wp-json\/wp\/v2\/product"}],"about":[{"href":"https:\/\/wool-art.com\/en\/wp-json\/wp\/v2\/types\/product"}],"replies":[{"embeddable":true,"href":"https:\/\/wool-art.com\/en\/wp-json\/wp\/v2\/comments?post=15648"}],"version-history":[{"count":2,"href":"https:\/\/wool-art.com\/en\/wp-json\/wp\/v2\/product\/15648\/revisions"}],"predecessor-version":[{"id":56738,"href":"https:\/\/wool-art.com\/en\/wp-json\/wp\/v2\/product\/15648\/revisions\/56738"}],"wp:featuredmedia":[{"embeddable":true,"href":"https:\/\/wool-art.com\/en\/wp-json\/wp\/v2\/media\/15650"}],"wp:attachment":[{"href":"https:\/\/wool-art.com\/en\/wp-json\/wp\/v2\/media?parent=15648"}],"wp:term":[{"taxonomy":"product_brand","embeddable":true,"href":"https:\/\/wool-art.com\/en\/wp-json\/wp\/v2\/product_brand?post=15648"},{"taxonomy":"product_cat","embeddable":true,"href":"https:\/\/wool-art.com\/en\/wp-json\/wp\/v2\/product_cat?post=15648"},{"taxonomy":"product_tag","embeddable":true,"href":"https:\/\/wool-art.com\/en\/wp-json\/wp\/v2\/product_tag?post=15648"}],"curies":[{"name":"wp","href":"https:\/\/api.w.org\/{rel}","templated":true}]}}