{"id":15670,"date":"2024-11-13T09:54:12","date_gmt":"2024-11-13T09:54:12","guid":{"rendered":"https:\/\/wool-art.com\/?post_type=product&#038;p=15670"},"modified":"2026-04-30T09:23:52","modified_gmt":"2026-04-30T09:23:52","slug":"jakna-crna-21wj01","status":"publish","type":"product","link":"https:\/\/wool-art.com\/en\/product\/jakna-crna-21wj01\/","title":{"rendered":"Jakna crna 21WJ01"},"content":{"rendered":"<p>\u017denska vunena jakna 21WJ01 je model ru\u010dno izra\u0111en od 100% prirodne vune. Opis modela: crne boje sa bogatim floralnim vezovima u raznobojnoj paleti. Ovaj komad donosi spoj prirodnog materijala, funkcionalnosti i prepoznatljivog Wool Art izraza.<\/p>\n<p>Crna osnova nagla\u0161ava cvetne motive i \u010dini jaknu upe\u010datljivom, ali prakti\u010dnom za kombinovanje. Model je namenjen za hladne dane, \u0161etnju i urbane kombinacije i lako se uklapa u svakodnevne, elegantne ili upe\u010datljive zimske kombinacije. Ovaj model je dobar izbor za \u017eene koje \u017eele kvalitetnu garderobu od prirodnih materijala, toplinu, udobnost i autenti\u010dan karakter ru\u010dne izrade.<\/p>\n<p>Composition: 100% natural wool.<br \/>\nHandmade product.<\/p>","protected":false},"excerpt":{"rendered":"<p>Ru\u010dno ra\u0111ena \u017eenska vunena jakna crne boje sa bogatim floralnim vezovima u raznobojnoj paleti. Izra\u0111ena od 100% prirodne vune, pogodna za hladne dane, \u0161etnju i urbane kombinacije.<\/p>","protected":false},"featured_media":15672,"comment_status":"open","ping_status":"closed","template":"","meta":[],"product_brand":[],"product_cat":[70,71],"product_tag":[],"class_list":{"0":"post-15670","1":"product","2":"type-product","3":"status-publish","4":"has-post-thumbnail","6":"product_cat-jakne-kardigani","7":"product_cat-zenska-kolekcija","9":"first","10":"instock","11":"sale","12":"shipping-taxable","13":"purchasable","14":"product-type-variable"},"_links":{"self":[{"href":"https:\/\/wool-art.com\/en\/wp-json\/wp\/v2\/product\/15670","targetHints":{"allow":["GET"]}}],"collection":[{"href":"https:\/\/wool-art.com\/en\/wp-json\/wp\/v2\/product"}],"about":[{"href":"https:\/\/wool-art.com\/en\/wp-json\/wp\/v2\/types\/product"}],"replies":[{"embeddable":true,"href":"https:\/\/wool-art.com\/en\/wp-json\/wp\/v2\/comments?post=15670"}],"version-history":[{"count":3,"href":"https:\/\/wool-art.com\/en\/wp-json\/wp\/v2\/product\/15670\/revisions"}],"predecessor-version":[{"id":56741,"href":"https:\/\/wool-art.com\/en\/wp-json\/wp\/v2\/product\/15670\/revisions\/56741"}],"wp:featuredmedia":[{"embeddable":true,"href":"https:\/\/wool-art.com\/en\/wp-json\/wp\/v2\/media\/15672"}],"wp:attachment":[{"href":"https:\/\/wool-art.com\/en\/wp-json\/wp\/v2\/media?parent=15670"}],"wp:term":[{"taxonomy":"product_brand","embeddable":true,"href":"https:\/\/wool-art.com\/en\/wp-json\/wp\/v2\/product_brand?post=15670"},{"taxonomy":"product_cat","embeddable":true,"href":"https:\/\/wool-art.com\/en\/wp-json\/wp\/v2\/product_cat?post=15670"},{"taxonomy":"product_tag","embeddable":true,"href":"https:\/\/wool-art.com\/en\/wp-json\/wp\/v2\/product_tag?post=15670"}],"curies":[{"name":"wp","href":"https:\/\/api.w.org\/{rel}","templated":true}]}}