{"id":15699,"date":"2024-11-13T10:01:43","date_gmt":"2024-11-13T10:01:43","guid":{"rendered":"https:\/\/wool-art.com\/?post_type=product&#038;p=15699"},"modified":"2026-04-30T09:23:53","modified_gmt":"2026-04-30T09:23:53","slug":"kaput-dugacki-sa-kapuljacom-16wj13","status":"publish","type":"product","link":"https:\/\/wool-art.com\/en\/product\/kaput-dugacki-sa-kapuljacom-16wj13\/","title":{"rendered":"Kaput duga\u010dki sa kapulja\u010dom 16WJ13"},"content":{"rendered":"<p>\u017denski vuneni kaput 16WJ13 je model ru\u010dno izra\u0111en od 100% prirodne vune. Opis modela: sive osnove sa kapulja\u010dom i ranflom u petljica upletajima. Ovaj komad donosi spoj prirodnog materijala, funkcionalnosti i prepoznatljivog Wool Art izraza.<\/p>\n<p>Siva boja daje modelu smiren i lako uklopiv izgled, dok petljica upletaji unose teksturu i ru\u010dno ra\u0111en karakter. Model je namenjen za hladne dane, planinu i zimske kombinacije i lako se uklapa u svakodnevne, elegantne ili upe\u010datljive zimske kombinacije. Ovaj model je dobar izbor za \u017eene koje \u017eele kvalitetnu garderobu od prirodnih materijala, toplinu, udobnost i autenti\u010dan karakter ru\u010dne izrade.<\/p>\n<p>Composition: 100% natural wool.<br \/>\nHandmade product.<\/p>","protected":false},"excerpt":{"rendered":"<p>Ru\u010dno ra\u0111en \u017eenski vuneni kaput sive osnove sa kapulja\u010dom i ranflom u petljica upletajima. Izra\u0111en od 100% prirodne vune, pogodan za hladne dane, planinu i zimske kombinacije.<\/p>","protected":false},"featured_media":15700,"comment_status":"open","ping_status":"closed","template":"","meta":[],"product_brand":[],"product_cat":[70,71],"product_tag":[],"class_list":{"0":"post-15699","1":"product","2":"type-product","3":"status-publish","4":"has-post-thumbnail","6":"product_cat-jakne-kardigani","7":"product_cat-zenska-kolekcija","9":"first","10":"instock","11":"shipping-taxable","12":"purchasable","13":"product-type-variable"},"_links":{"self":[{"href":"https:\/\/wool-art.com\/en\/wp-json\/wp\/v2\/product\/15699","targetHints":{"allow":["GET"]}}],"collection":[{"href":"https:\/\/wool-art.com\/en\/wp-json\/wp\/v2\/product"}],"about":[{"href":"https:\/\/wool-art.com\/en\/wp-json\/wp\/v2\/types\/product"}],"replies":[{"embeddable":true,"href":"https:\/\/wool-art.com\/en\/wp-json\/wp\/v2\/comments?post=15699"}],"version-history":[{"count":2,"href":"https:\/\/wool-art.com\/en\/wp-json\/wp\/v2\/product\/15699\/revisions"}],"predecessor-version":[{"id":56745,"href":"https:\/\/wool-art.com\/en\/wp-json\/wp\/v2\/product\/15699\/revisions\/56745"}],"wp:featuredmedia":[{"embeddable":true,"href":"https:\/\/wool-art.com\/en\/wp-json\/wp\/v2\/media\/15700"}],"wp:attachment":[{"href":"https:\/\/wool-art.com\/en\/wp-json\/wp\/v2\/media?parent=15699"}],"wp:term":[{"taxonomy":"product_brand","embeddable":true,"href":"https:\/\/wool-art.com\/en\/wp-json\/wp\/v2\/product_brand?post=15699"},{"taxonomy":"product_cat","embeddable":true,"href":"https:\/\/wool-art.com\/en\/wp-json\/wp\/v2\/product_cat?post=15699"},{"taxonomy":"product_tag","embeddable":true,"href":"https:\/\/wool-art.com\/en\/wp-json\/wp\/v2\/product_tag?post=15699"}],"curies":[{"name":"wp","href":"https:\/\/api.w.org\/{rel}","templated":true}]}}