{"id":15713,"date":"2024-11-13T10:04:51","date_gmt":"2024-11-13T10:04:51","guid":{"rendered":"https:\/\/wool-art.com\/?post_type=product&#038;p=15713"},"modified":"2026-04-30T09:23:53","modified_gmt":"2026-04-30T09:23:53","slug":"kardigan-21wj07","status":"publish","type":"product","link":"https:\/\/wool-art.com\/en\/product\/kardigan-21wj07\/","title":{"rendered":"KARDIGAN 21WJ07"},"content":{"rendered":"<p>\u017denski vuneni kardigan 21WJ07 je model ru\u010dno izra\u0111en od 100% prirodne vune. Opis modela: jednobojnog dizajna dugog i laganog kroja, prilago\u0111en modernom urbanom stilu. Ovaj komad donosi spoj prirodnog materijala, funkcionalnosti i prepoznatljivog Wool Art izraza.<\/p>\n<p>Jednostavan kroj omogu\u0107ava lako kombinovanje uz pantalone, haljine ili suknje, dok prirodna vuna daje prijatnu toplinu. Model je namenjen za svakodnevno no\u0161enje i slojevite kombinacije i lako se uklapa u svakodnevne, elegantne ili upe\u010datljive zimske kombinacije. Ovaj model je dobar izbor za \u017eene koje \u017eele kvalitetnu garderobu od prirodnih materijala, toplinu, udobnost i autenti\u010dan karakter ru\u010dne izrade.<\/p>\n<p>Composition: 100% natural wool.<br \/>\nHandmade product.<\/p>","protected":false},"excerpt":{"rendered":"<p>Ru\u010dno ra\u0111en \u017eenski vuneni kardigan jednobojnog dizajna dugog i laganog kroja, prilago\u0111en modernom urbanom stilu. Izra\u0111en od 100% prirodne vune, pogodan za svakodnevno no\u0161enje i slojevite kombinacije.<\/p>","protected":false},"featured_media":15715,"comment_status":"open","ping_status":"closed","template":"","meta":[],"product_brand":[],"product_cat":[70,71],"product_tag":[],"class_list":{"0":"post-15713","1":"product","2":"type-product","3":"status-publish","4":"has-post-thumbnail","6":"product_cat-jakne-kardigani","7":"product_cat-zenska-kolekcija","9":"first","10":"instock","11":"shipping-taxable","12":"purchasable","13":"product-type-variable"},"_links":{"self":[{"href":"https:\/\/wool-art.com\/en\/wp-json\/wp\/v2\/product\/15713","targetHints":{"allow":["GET"]}}],"collection":[{"href":"https:\/\/wool-art.com\/en\/wp-json\/wp\/v2\/product"}],"about":[{"href":"https:\/\/wool-art.com\/en\/wp-json\/wp\/v2\/types\/product"}],"replies":[{"embeddable":true,"href":"https:\/\/wool-art.com\/en\/wp-json\/wp\/v2\/comments?post=15713"}],"version-history":[{"count":2,"href":"https:\/\/wool-art.com\/en\/wp-json\/wp\/v2\/product\/15713\/revisions"}],"predecessor-version":[{"id":56747,"href":"https:\/\/wool-art.com\/en\/wp-json\/wp\/v2\/product\/15713\/revisions\/56747"}],"wp:featuredmedia":[{"embeddable":true,"href":"https:\/\/wool-art.com\/en\/wp-json\/wp\/v2\/media\/15715"}],"wp:attachment":[{"href":"https:\/\/wool-art.com\/en\/wp-json\/wp\/v2\/media?parent=15713"}],"wp:term":[{"taxonomy":"product_brand","embeddable":true,"href":"https:\/\/wool-art.com\/en\/wp-json\/wp\/v2\/product_brand?post=15713"},{"taxonomy":"product_cat","embeddable":true,"href":"https:\/\/wool-art.com\/en\/wp-json\/wp\/v2\/product_cat?post=15713"},{"taxonomy":"product_tag","embeddable":true,"href":"https:\/\/wool-art.com\/en\/wp-json\/wp\/v2\/product_tag?post=15713"}],"curies":[{"name":"wp","href":"https:\/\/api.w.org\/{rel}","templated":true}]}}