{"id":15762,"date":"2024-11-13T10:25:06","date_gmt":"2024-11-13T10:25:06","guid":{"rendered":"https:\/\/wool-art.com\/?post_type=product&#038;p=15762"},"modified":"2026-04-30T09:23:53","modified_gmt":"2026-04-30T09:23:53","slug":"bundica-bele-boje-12wj23","status":"publish","type":"product","link":"https:\/\/wool-art.com\/en\/product\/bundica-bele-boje-12wj23\/","title":{"rendered":"BUNDICA bele boje 12WJ23"},"content":{"rendered":"<p>\u017denska vunena bundica 12WJ23 je model ru\u010dno izra\u0111en od 100% prirodne vune. Opis modela: bele boje srednje du\u017eine sa kapulja\u010dom, cvetnim vezom i petljica upletajima. Ovaj komad donosi spoj prirodnog materijala, funkcionalnosti i prepoznatljivog Wool Art izraza.<\/p>\n<p>Jarki cvetni motivi i teksturisane ranfle daju bundici \u017eivopisan, topao i autenti\u010dan izgled. Model je namenjen za hladne dane i upe\u010datljive zimske kombinacije i lako se uklapa u svakodnevne, elegantne ili upe\u010datljive zimske kombinacije. Ovaj model je dobar izbor za \u017eene koje \u017eele kvalitetnu garderobu od prirodnih materijala, toplinu, udobnost i autenti\u010dan karakter ru\u010dne izrade.<\/p>\n<p>Composition: 100% natural wool.<br \/>\nHandmade product.<\/p>","protected":false},"excerpt":{"rendered":"<p>Ru\u010dno ra\u0111ena \u017eenska vunena bundica bele boje srednje du\u017eine sa kapulja\u010dom, cvetnim vezom i petljica upletajima. Izra\u0111ena od 100% prirodne vune, pogodna za hladne dane i upe\u010datljive zimske kombinacije.<\/p>","protected":false},"featured_media":15764,"comment_status":"open","ping_status":"closed","template":"","meta":[],"product_brand":[],"product_cat":[70,71],"product_tag":[],"class_list":{"0":"post-15762","1":"product","2":"type-product","3":"status-publish","4":"has-post-thumbnail","6":"product_cat-jakne-kardigani","7":"product_cat-zenska-kolekcija","9":"first","10":"instock","11":"sale","12":"shipping-taxable","13":"purchasable","14":"product-type-variable"},"_links":{"self":[{"href":"https:\/\/wool-art.com\/en\/wp-json\/wp\/v2\/product\/15762","targetHints":{"allow":["GET"]}}],"collection":[{"href":"https:\/\/wool-art.com\/en\/wp-json\/wp\/v2\/product"}],"about":[{"href":"https:\/\/wool-art.com\/en\/wp-json\/wp\/v2\/types\/product"}],"replies":[{"embeddable":true,"href":"https:\/\/wool-art.com\/en\/wp-json\/wp\/v2\/comments?post=15762"}],"version-history":[{"count":2,"href":"https:\/\/wool-art.com\/en\/wp-json\/wp\/v2\/product\/15762\/revisions"}],"predecessor-version":[{"id":56753,"href":"https:\/\/wool-art.com\/en\/wp-json\/wp\/v2\/product\/15762\/revisions\/56753"}],"wp:featuredmedia":[{"embeddable":true,"href":"https:\/\/wool-art.com\/en\/wp-json\/wp\/v2\/media\/15764"}],"wp:attachment":[{"href":"https:\/\/wool-art.com\/en\/wp-json\/wp\/v2\/media?parent=15762"}],"wp:term":[{"taxonomy":"product_brand","embeddable":true,"href":"https:\/\/wool-art.com\/en\/wp-json\/wp\/v2\/product_brand?post=15762"},{"taxonomy":"product_cat","embeddable":true,"href":"https:\/\/wool-art.com\/en\/wp-json\/wp\/v2\/product_cat?post=15762"},{"taxonomy":"product_tag","embeddable":true,"href":"https:\/\/wool-art.com\/en\/wp-json\/wp\/v2\/product_tag?post=15762"}],"curies":[{"name":"wp","href":"https:\/\/api.w.org\/{rel}","templated":true}]}}