{"id":15769,"date":"2024-11-13T10:37:06","date_gmt":"2024-11-13T10:37:06","guid":{"rendered":"https:\/\/wool-art.com\/?post_type=product&#038;p=15769"},"modified":"2026-04-30T09:23:53","modified_gmt":"2026-04-30T09:23:53","slug":"bundica-crne-boje-12wj24","status":"publish","type":"product","link":"https:\/\/wool-art.com\/en\/product\/bundica-crne-boje-12wj24\/","title":{"rendered":"BUNDICA crne boje 12WJ24"},"content":{"rendered":"<p>\u017denska vunena bundica 12WJ24 je model ru\u010dno izra\u0111en od 100% prirodne vune. Opis modela: crne boje srednje du\u017eine sa kapulja\u010dom, cvetnim vezom i petljica upletajima. Ovaj komad donosi spoj prirodnog materijala, funkcionalnosti i prepoznatljivog Wool Art izraza.<\/p>\n<p>Crna osnova nagla\u0161ava jarke cvetne vezove i daje bundici upe\u010datljiv, ali lako nosiv izgled. Model je namenjen za hladne dane i upe\u010datljive zimske kombinacije i lako se uklapa u svakodnevne, elegantne ili upe\u010datljive zimske kombinacije. Ovaj model je dobar izbor za \u017eene koje \u017eele kvalitetnu garderobu od prirodnih materijala, toplinu, udobnost i autenti\u010dan karakter ru\u010dne izrade.<\/p>\n<p>Composition: 100% natural wool.<br \/>\nHandmade product.<\/p>","protected":false},"excerpt":{"rendered":"<p>Ru\u010dno ra\u0111ena \u017eenska vunena bundica crne boje srednje du\u017eine sa kapulja\u010dom, cvetnim vezom i petljica upletajima. Izra\u0111ena od 100% prirodne vune, pogodna za hladne dane i upe\u010datljive zimske kombinacije.<\/p>","protected":false},"featured_media":15772,"comment_status":"open","ping_status":"closed","template":"","meta":[],"product_brand":[],"product_cat":[70,71],"product_tag":[],"class_list":{"0":"post-15769","1":"product","2":"type-product","3":"status-publish","4":"has-post-thumbnail","6":"product_cat-jakne-kardigani","7":"product_cat-zenska-kolekcija","9":"first","10":"instock","11":"sale","12":"shipping-taxable","13":"purchasable","14":"product-type-variable"},"_links":{"self":[{"href":"https:\/\/wool-art.com\/en\/wp-json\/wp\/v2\/product\/15769","targetHints":{"allow":["GET"]}}],"collection":[{"href":"https:\/\/wool-art.com\/en\/wp-json\/wp\/v2\/product"}],"about":[{"href":"https:\/\/wool-art.com\/en\/wp-json\/wp\/v2\/types\/product"}],"replies":[{"embeddable":true,"href":"https:\/\/wool-art.com\/en\/wp-json\/wp\/v2\/comments?post=15769"}],"version-history":[{"count":2,"href":"https:\/\/wool-art.com\/en\/wp-json\/wp\/v2\/product\/15769\/revisions"}],"predecessor-version":[{"id":56754,"href":"https:\/\/wool-art.com\/en\/wp-json\/wp\/v2\/product\/15769\/revisions\/56754"}],"wp:featuredmedia":[{"embeddable":true,"href":"https:\/\/wool-art.com\/en\/wp-json\/wp\/v2\/media\/15772"}],"wp:attachment":[{"href":"https:\/\/wool-art.com\/en\/wp-json\/wp\/v2\/media?parent=15769"}],"wp:term":[{"taxonomy":"product_brand","embeddable":true,"href":"https:\/\/wool-art.com\/en\/wp-json\/wp\/v2\/product_brand?post=15769"},{"taxonomy":"product_cat","embeddable":true,"href":"https:\/\/wool-art.com\/en\/wp-json\/wp\/v2\/product_cat?post=15769"},{"taxonomy":"product_tag","embeddable":true,"href":"https:\/\/wool-art.com\/en\/wp-json\/wp\/v2\/product_tag?post=15769"}],"curies":[{"name":"wp","href":"https:\/\/api.w.org\/{rel}","templated":true}]}}