{"id":15811,"date":"2024-11-13T10:48:44","date_gmt":"2024-11-13T10:48:44","guid":{"rendered":"https:\/\/wool-art.com\/?post_type=product&#038;p=15811"},"modified":"2026-04-30T09:23:53","modified_gmt":"2026-04-30T09:23:53","slug":"jakna-24wj02","status":"publish","type":"product","link":"https:\/\/wool-art.com\/en\/product\/jakna-24wj02\/","title":{"rendered":"JAKNA 24WJ02"},"content":{"rendered":"<p>\u017denska vunena jakna 24WJ02 je model ru\u010dno izra\u0111en od 100% prirodne vune. Opis modela: srednje du\u017eine sa zahtevnim geometrijskim vezom u pastelnim i jarkim bojama. Ovaj komad donosi spoj prirodnog materijala, funkcionalnosti i prepoznatljivog Wool Art izraza.<\/p>\n<p>Kompleksna izrada i sklad boja daju ovom modelu umetni\u010dki karakter, a kroj ostaje prakti\u010dan za kombinovanje. Model je namenjen za svakodnevno no\u0161enje i upe\u010datljive kombinacije i lako se uklapa u svakodnevne, elegantne ili upe\u010datljive zimske kombinacije. Ovaj model je dobar izbor za \u017eene koje \u017eele kvalitetnu garderobu od prirodnih materijala, toplinu, udobnost i autenti\u010dan karakter ru\u010dne izrade.<\/p>\n<p>Composition: 100% natural wool.<br \/>\nHandmade product.<\/p>","protected":false},"excerpt":{"rendered":"<p>Ru\u010dno ra\u0111ena \u017eenska vunena jakna srednje du\u017eine sa zahtevnim geometrijskim vezom u pastelnim i jarkim bojama. Izra\u0111ena od 100% prirodne vune, pogodna za svakodnevno no\u0161enje i upe\u010datljive kombinacije.<\/p>","protected":false},"featured_media":15813,"comment_status":"open","ping_status":"closed","template":"","meta":[],"product_brand":[],"product_cat":[70,71],"product_tag":[],"class_list":{"0":"post-15811","1":"product","2":"type-product","3":"status-publish","4":"has-post-thumbnail","6":"product_cat-jakne-kardigani","7":"product_cat-zenska-kolekcija","9":"first","10":"instock","11":"shipping-taxable","12":"purchasable","13":"product-type-variable"},"_links":{"self":[{"href":"https:\/\/wool-art.com\/en\/wp-json\/wp\/v2\/product\/15811","targetHints":{"allow":["GET"]}}],"collection":[{"href":"https:\/\/wool-art.com\/en\/wp-json\/wp\/v2\/product"}],"about":[{"href":"https:\/\/wool-art.com\/en\/wp-json\/wp\/v2\/types\/product"}],"replies":[{"embeddable":true,"href":"https:\/\/wool-art.com\/en\/wp-json\/wp\/v2\/comments?post=15811"}],"version-history":[{"count":2,"href":"https:\/\/wool-art.com\/en\/wp-json\/wp\/v2\/product\/15811\/revisions"}],"predecessor-version":[{"id":56760,"href":"https:\/\/wool-art.com\/en\/wp-json\/wp\/v2\/product\/15811\/revisions\/56760"}],"wp:featuredmedia":[{"embeddable":true,"href":"https:\/\/wool-art.com\/en\/wp-json\/wp\/v2\/media\/15813"}],"wp:attachment":[{"href":"https:\/\/wool-art.com\/en\/wp-json\/wp\/v2\/media?parent=15811"}],"wp:term":[{"taxonomy":"product_brand","embeddable":true,"href":"https:\/\/wool-art.com\/en\/wp-json\/wp\/v2\/product_brand?post=15811"},{"taxonomy":"product_cat","embeddable":true,"href":"https:\/\/wool-art.com\/en\/wp-json\/wp\/v2\/product_cat?post=15811"},{"taxonomy":"product_tag","embeddable":true,"href":"https:\/\/wool-art.com\/en\/wp-json\/wp\/v2\/product_tag?post=15811"}],"curies":[{"name":"wp","href":"https:\/\/api.w.org\/{rel}","templated":true}]}}