{"id":15851,"date":"2024-11-13T11:07:02","date_gmt":"2024-11-13T11:07:02","guid":{"rendered":"https:\/\/wool-art.com\/?post_type=product&#038;p=15851"},"modified":"2025-09-17T19:15:37","modified_gmt":"2025-09-17T19:15:37","slug":"jakna-crna-sa-kapuljacom-14wj50","status":"publish","type":"product","link":"https:\/\/wool-art.com\/en\/product\/jakna-crna-sa-kapuljacom-14wj50\/","title":{"rendered":"Jakna crna sa kapulja\u010dom 14wj50"},"content":{"rendered":"<p>Black ribbon jacket.<\/p>\n<p>Composition 100% natural sheep's wool.<\/p>\n<p>Handmade product.<\/p>\n<p>Medium length jacket with stripes in contrasting colors and floral details with a belt.<\/p>\n<p>Suitable for cold weather spring, autumn.<\/p>\n<p>Base color is black.<\/p>","protected":false},"excerpt":{"rendered":"<p>Jakna crna paspul. Sastav 100% prirodna ov\u010dija vuna. Ru\u010dno radjen proizvod. Jakna srednje du\u017eine sa paspulom u kontrastnoj boji i<\/p>","protected":false},"featured_media":15852,"comment_status":"open","ping_status":"closed","template":"","meta":[],"product_brand":[],"product_cat":[70,71],"product_tag":[],"class_list":{"0":"post-15851","1":"product","2":"type-product","3":"status-publish","4":"has-post-thumbnail","6":"product_cat-jakne-kardigani","7":"product_cat-zenska-kolekcija","9":"first","10":"instock","11":"sale","12":"shipping-taxable","13":"purchasable","14":"product-type-simple"},"_links":{"self":[{"href":"https:\/\/wool-art.com\/en\/wp-json\/wp\/v2\/product\/15851","targetHints":{"allow":["GET"]}}],"collection":[{"href":"https:\/\/wool-art.com\/en\/wp-json\/wp\/v2\/product"}],"about":[{"href":"https:\/\/wool-art.com\/en\/wp-json\/wp\/v2\/types\/product"}],"replies":[{"embeddable":true,"href":"https:\/\/wool-art.com\/en\/wp-json\/wp\/v2\/comments?post=15851"}],"version-history":[{"count":1,"href":"https:\/\/wool-art.com\/en\/wp-json\/wp\/v2\/product\/15851\/revisions"}],"predecessor-version":[{"id":15856,"href":"https:\/\/wool-art.com\/en\/wp-json\/wp\/v2\/product\/15851\/revisions\/15856"}],"wp:featuredmedia":[{"embeddable":true,"href":"https:\/\/wool-art.com\/en\/wp-json\/wp\/v2\/media\/15852"}],"wp:attachment":[{"href":"https:\/\/wool-art.com\/en\/wp-json\/wp\/v2\/media?parent=15851"}],"wp:term":[{"taxonomy":"product_brand","embeddable":true,"href":"https:\/\/wool-art.com\/en\/wp-json\/wp\/v2\/product_brand?post=15851"},{"taxonomy":"product_cat","embeddable":true,"href":"https:\/\/wool-art.com\/en\/wp-json\/wp\/v2\/product_cat?post=15851"},{"taxonomy":"product_tag","embeddable":true,"href":"https:\/\/wool-art.com\/en\/wp-json\/wp\/v2\/product_tag?post=15851"}],"curies":[{"name":"wp","href":"https:\/\/api.w.org\/{rel}","templated":true}]}}