{"id":15923,"date":"2024-11-13T11:31:34","date_gmt":"2024-11-13T11:31:34","guid":{"rendered":"https:\/\/wool-art.com\/?post_type=product&#038;p=15923"},"modified":"2026-04-20T13:17:23","modified_gmt":"2026-04-20T13:17:23","slug":"jakna-20wj11-sa-kapuljacom","status":"publish","type":"product","link":"https:\/\/wool-art.com\/en\/product\/jakna-20wj11-sa-kapuljacom\/","title":{"rendered":"JAKNA 20WJ11 sa kapulja\u010dom"},"content":{"rendered":"<p>Black jacket with hood<\/p>\n<p>Composition 100% natural sheep's wool.<\/p>\n<p>Handmade product.<\/p>\n<p>Medium length jacket with embroidered mountain village details.<\/p>\n<p>Suitable for cold weather spring, autumn.<\/p>\n<p>Base color is roan black.<\/p>","protected":false},"excerpt":{"rendered":"<p>Jakna crna sa kapuljacom Sastav 100% prirodna ov\u010dija vuna. Ru\u010dno radjen proizvod. Jakna srednje du\u017eine sa upletajima motiva planinskog sela.<\/p>","protected":false},"featured_media":15924,"comment_status":"open","ping_status":"closed","template":"","meta":[],"product_brand":[],"product_cat":[70,71],"product_tag":[],"class_list":{"0":"post-15923","1":"product","2":"type-product","3":"status-publish","4":"has-post-thumbnail","6":"product_cat-jakne-kardigani","7":"product_cat-zenska-kolekcija","9":"first","10":"instock","11":"shipping-taxable","12":"purchasable","13":"product-type-variable"},"_links":{"self":[{"href":"https:\/\/wool-art.com\/en\/wp-json\/wp\/v2\/product\/15923","targetHints":{"allow":["GET"]}}],"collection":[{"href":"https:\/\/wool-art.com\/en\/wp-json\/wp\/v2\/product"}],"about":[{"href":"https:\/\/wool-art.com\/en\/wp-json\/wp\/v2\/types\/product"}],"replies":[{"embeddable":true,"href":"https:\/\/wool-art.com\/en\/wp-json\/wp\/v2\/comments?post=15923"}],"version-history":[{"count":2,"href":"https:\/\/wool-art.com\/en\/wp-json\/wp\/v2\/product\/15923\/revisions"}],"predecessor-version":[{"id":18353,"href":"https:\/\/wool-art.com\/en\/wp-json\/wp\/v2\/product\/15923\/revisions\/18353"}],"wp:featuredmedia":[{"embeddable":true,"href":"https:\/\/wool-art.com\/en\/wp-json\/wp\/v2\/media\/15924"}],"wp:attachment":[{"href":"https:\/\/wool-art.com\/en\/wp-json\/wp\/v2\/media?parent=15923"}],"wp:term":[{"taxonomy":"product_brand","embeddable":true,"href":"https:\/\/wool-art.com\/en\/wp-json\/wp\/v2\/product_brand?post=15923"},{"taxonomy":"product_cat","embeddable":true,"href":"https:\/\/wool-art.com\/en\/wp-json\/wp\/v2\/product_cat?post=15923"},{"taxonomy":"product_tag","embeddable":true,"href":"https:\/\/wool-art.com\/en\/wp-json\/wp\/v2\/product_tag?post=15923"}],"curies":[{"name":"wp","href":"https:\/\/api.w.org\/{rel}","templated":true}]}}