{"id":15998,"date":"2024-11-13T11:51:03","date_gmt":"2024-11-13T11:51:03","guid":{"rendered":"https:\/\/wool-art.com\/?post_type=product&#038;p=15998"},"modified":"2026-02-25T15:48:20","modified_gmt":"2026-02-25T15:48:20","slug":"jakna-bela-sa-kapuljacom-12wj25","status":"publish","type":"product","link":"https:\/\/wool-art.com\/en\/product\/jakna-bela-sa-kapuljacom-12wj25\/","title":{"rendered":"JAKNA bela sa kapulja\u010dom 12WJ25"},"content":{"rendered":"<p>White jacket with hood.<\/p>\n<p>Composition 100% natural sheep's wool.<\/p>\n<p>Handmade product.<\/p>\n<p>Medium length jacket with embroidered mountain village details.<\/p>\n<p>Suitable for cold weather spring, autumn.<\/p>\n<p>Base color is roan white.<\/p>","protected":false},"excerpt":{"rendered":"<p>Jakna bela sa kapuljacom. Sastav 100% prirodna ov\u010dija vuna. Ru\u010dno radjen proizvod. Jakna srednje du\u017eine sa upletajima motiva planinskog sela.<\/p>","protected":false},"featured_media":16001,"comment_status":"open","ping_status":"closed","template":"","meta":[],"product_brand":[],"product_cat":[70,71],"product_tag":[],"class_list":{"0":"post-15998","1":"product","2":"type-product","3":"status-publish","4":"has-post-thumbnail","6":"product_cat-jakne-kardigani","7":"product_cat-zenska-kolekcija","9":"first","10":"instock","11":"sale","12":"shipping-taxable","13":"purchasable","14":"product-type-variable"},"_links":{"self":[{"href":"https:\/\/wool-art.com\/en\/wp-json\/wp\/v2\/product\/15998","targetHints":{"allow":["GET"]}}],"collection":[{"href":"https:\/\/wool-art.com\/en\/wp-json\/wp\/v2\/product"}],"about":[{"href":"https:\/\/wool-art.com\/en\/wp-json\/wp\/v2\/types\/product"}],"replies":[{"embeddable":true,"href":"https:\/\/wool-art.com\/en\/wp-json\/wp\/v2\/comments?post=15998"}],"version-history":[{"count":1,"href":"https:\/\/wool-art.com\/en\/wp-json\/wp\/v2\/product\/15998\/revisions"}],"predecessor-version":[{"id":16000,"href":"https:\/\/wool-art.com\/en\/wp-json\/wp\/v2\/product\/15998\/revisions\/16000"}],"wp:featuredmedia":[{"embeddable":true,"href":"https:\/\/wool-art.com\/en\/wp-json\/wp\/v2\/media\/16001"}],"wp:attachment":[{"href":"https:\/\/wool-art.com\/en\/wp-json\/wp\/v2\/media?parent=15998"}],"wp:term":[{"taxonomy":"product_brand","embeddable":true,"href":"https:\/\/wool-art.com\/en\/wp-json\/wp\/v2\/product_brand?post=15998"},{"taxonomy":"product_cat","embeddable":true,"href":"https:\/\/wool-art.com\/en\/wp-json\/wp\/v2\/product_cat?post=15998"},{"taxonomy":"product_tag","embeddable":true,"href":"https:\/\/wool-art.com\/en\/wp-json\/wp\/v2\/product_tag?post=15998"}],"curies":[{"name":"wp","href":"https:\/\/api.w.org\/{rel}","templated":true}]}}