{"id":16026,"date":"2024-11-13T11:56:12","date_gmt":"2024-11-13T11:56:12","guid":{"rendered":"https:\/\/wool-art.com\/?post_type=product&#038;p=16026"},"modified":"2026-02-25T15:50:11","modified_gmt":"2026-02-25T15:50:11","slug":"jakna-braon-bela-16wj09","status":"publish","type":"product","link":"https:\/\/wool-art.com\/en\/product\/jakna-braon-bela-16wj09\/","title":{"rendered":"JAKNA braon bela 16WJ09"},"content":{"rendered":"<p>Long brown-white JACKET with hood.<\/p>\n<p>Composition: 100% natural wool.<\/p>\n<p>Handmade product.<\/p>\n<p>Border with interesting striped loops.<\/p>\n<p>Threads and embroidered mountain villages details.<\/p>","protected":false},"excerpt":{"rendered":"<p>JAKNA braon bela \u2013 du\u017ea sa kapulja\u010dom. Sastav: 100% prirodna vuna. Ru\u010dno ra\u0111en proizvod. Obrub sa interesantnim paspulom \u201epetljicama\u201c. Upletaji<\/p>","protected":false},"featured_media":16028,"comment_status":"open","ping_status":"closed","template":"","meta":[],"product_brand":[],"product_cat":[70,71],"product_tag":[],"class_list":{"0":"post-16026","1":"product","2":"type-product","3":"status-publish","4":"has-post-thumbnail","6":"product_cat-jakne-kardigani","7":"product_cat-zenska-kolekcija","9":"first","10":"instock","11":"sale","12":"shipping-taxable","13":"purchasable","14":"product-type-variable"},"_links":{"self":[{"href":"https:\/\/wool-art.com\/en\/wp-json\/wp\/v2\/product\/16026","targetHints":{"allow":["GET"]}}],"collection":[{"href":"https:\/\/wool-art.com\/en\/wp-json\/wp\/v2\/product"}],"about":[{"href":"https:\/\/wool-art.com\/en\/wp-json\/wp\/v2\/types\/product"}],"replies":[{"embeddable":true,"href":"https:\/\/wool-art.com\/en\/wp-json\/wp\/v2\/comments?post=16026"}],"version-history":[{"count":1,"href":"https:\/\/wool-art.com\/en\/wp-json\/wp\/v2\/product\/16026\/revisions"}],"predecessor-version":[{"id":16032,"href":"https:\/\/wool-art.com\/en\/wp-json\/wp\/v2\/product\/16026\/revisions\/16032"}],"wp:featuredmedia":[{"embeddable":true,"href":"https:\/\/wool-art.com\/en\/wp-json\/wp\/v2\/media\/16028"}],"wp:attachment":[{"href":"https:\/\/wool-art.com\/en\/wp-json\/wp\/v2\/media?parent=16026"}],"wp:term":[{"taxonomy":"product_brand","embeddable":true,"href":"https:\/\/wool-art.com\/en\/wp-json\/wp\/v2\/product_brand?post=16026"},{"taxonomy":"product_cat","embeddable":true,"href":"https:\/\/wool-art.com\/en\/wp-json\/wp\/v2\/product_cat?post=16026"},{"taxonomy":"product_tag","embeddable":true,"href":"https:\/\/wool-art.com\/en\/wp-json\/wp\/v2\/product_tag?post=16026"}],"curies":[{"name":"wp","href":"https:\/\/api.w.org\/{rel}","templated":true}]}}