{"id":16053,"date":"2024-11-13T12:01:02","date_gmt":"2024-11-13T12:01:02","guid":{"rendered":"https:\/\/wool-art.com\/?post_type=product&#038;p=16053"},"modified":"2026-01-29T22:12:32","modified_gmt":"2026-01-29T22:12:32","slug":"jakna20wj02-crna-sa-cipkom","status":"publish","type":"product","link":"https:\/\/wool-art.com\/en\/product\/jakna20wj02-crna-sa-cipkom\/","title":{"rendered":"JAKNA20wj02 crna sa \u010dipkom"},"content":{"rendered":"<p>Black jacket with lace.<\/p>\n<p>Composition 100% natural sheep's wool.<\/p>\n<p>Handmade product.<\/p>\n<p>Medium length jacket, made from thinner yarn.<\/p>\n<p>Suitable for spring and autumn.<\/p>\n<p>Base color is roan black.<\/p>","protected":false},"excerpt":{"rendered":"<p>Jakna crna sa \u010dipkom. Sastav 100% prirodna ov\u010dija vuna. Ru\u010dno radjen proizvod. Jakna srednje du\u017eine, radjena od tanjeg prediva. Pogodna<\/p>","protected":false},"featured_media":16055,"comment_status":"open","ping_status":"closed","template":"","meta":[],"product_brand":[],"product_cat":[70,71],"product_tag":[],"class_list":{"0":"post-16053","1":"product","2":"type-product","3":"status-publish","4":"has-post-thumbnail","6":"product_cat-jakne-kardigani","7":"product_cat-zenska-kolekcija","9":"first","10":"instock","11":"sale","12":"shipping-taxable","13":"purchasable","14":"product-type-variable"},"_links":{"self":[{"href":"https:\/\/wool-art.com\/en\/wp-json\/wp\/v2\/product\/16053","targetHints":{"allow":["GET"]}}],"collection":[{"href":"https:\/\/wool-art.com\/en\/wp-json\/wp\/v2\/product"}],"about":[{"href":"https:\/\/wool-art.com\/en\/wp-json\/wp\/v2\/types\/product"}],"replies":[{"embeddable":true,"href":"https:\/\/wool-art.com\/en\/wp-json\/wp\/v2\/comments?post=16053"}],"version-history":[{"count":1,"href":"https:\/\/wool-art.com\/en\/wp-json\/wp\/v2\/product\/16053\/revisions"}],"predecessor-version":[{"id":16059,"href":"https:\/\/wool-art.com\/en\/wp-json\/wp\/v2\/product\/16053\/revisions\/16059"}],"wp:featuredmedia":[{"embeddable":true,"href":"https:\/\/wool-art.com\/en\/wp-json\/wp\/v2\/media\/16055"}],"wp:attachment":[{"href":"https:\/\/wool-art.com\/en\/wp-json\/wp\/v2\/media?parent=16053"}],"wp:term":[{"taxonomy":"product_brand","embeddable":true,"href":"https:\/\/wool-art.com\/en\/wp-json\/wp\/v2\/product_brand?post=16053"},{"taxonomy":"product_cat","embeddable":true,"href":"https:\/\/wool-art.com\/en\/wp-json\/wp\/v2\/product_cat?post=16053"},{"taxonomy":"product_tag","embeddable":true,"href":"https:\/\/wool-art.com\/en\/wp-json\/wp\/v2\/product_tag?post=16053"}],"curies":[{"name":"wp","href":"https:\/\/api.w.org\/{rel}","templated":true}]}}