{"id":16152,"date":"2024-11-13T12:30:34","date_gmt":"2024-11-13T12:30:34","guid":{"rendered":"https:\/\/wool-art.com\/?post_type=product&#038;p=16152"},"modified":"2025-11-24T16:49:54","modified_gmt":"2025-11-24T16:49:54","slug":"dzemper-24ws03","status":"publish","type":"product","link":"https:\/\/wool-art.com\/en\/product\/dzemper-24ws03\/","title":{"rendered":"D\u017dEMPER 24WS03"},"content":{"rendered":"<p>Sweater made by hand knitting technique. Braids with a traditional motif from the rug. The contrast of the white base and bright colors on the motif leaves an effective and unusual impression. The sweater is made of thinner yarn, and is suitable for the transitional period. An extremely attractive and modern piece. Different and special.<\/p>\n<p>Composition 100% natural sheep's wool.<\/p>","protected":false},"excerpt":{"rendered":"<p>D\u017eemper radjen tehnikom ru\u010dnog pletenja. Upletaji sa motivima inspirisanim tkanim \u0107ilimima . Kontrast bele osnove i jarkih boja na motivu,<\/p>","protected":false},"featured_media":16154,"comment_status":"open","ping_status":"closed","template":"","meta":[],"product_brand":[],"product_cat":[77,71],"product_tag":[],"class_list":{"0":"post-16152","1":"product","2":"type-product","3":"status-publish","4":"has-post-thumbnail","6":"product_cat-dzemperi","7":"product_cat-zenska-kolekcija","9":"first","10":"instock","11":"shipping-taxable","12":"purchasable","13":"product-type-variable"},"_links":{"self":[{"href":"https:\/\/wool-art.com\/en\/wp-json\/wp\/v2\/product\/16152","targetHints":{"allow":["GET"]}}],"collection":[{"href":"https:\/\/wool-art.com\/en\/wp-json\/wp\/v2\/product"}],"about":[{"href":"https:\/\/wool-art.com\/en\/wp-json\/wp\/v2\/types\/product"}],"replies":[{"embeddable":true,"href":"https:\/\/wool-art.com\/en\/wp-json\/wp\/v2\/comments?post=16152"}],"version-history":[{"count":1,"href":"https:\/\/wool-art.com\/en\/wp-json\/wp\/v2\/product\/16152\/revisions"}],"predecessor-version":[{"id":16158,"href":"https:\/\/wool-art.com\/en\/wp-json\/wp\/v2\/product\/16152\/revisions\/16158"}],"wp:featuredmedia":[{"embeddable":true,"href":"https:\/\/wool-art.com\/en\/wp-json\/wp\/v2\/media\/16154"}],"wp:attachment":[{"href":"https:\/\/wool-art.com\/en\/wp-json\/wp\/v2\/media?parent=16152"}],"wp:term":[{"taxonomy":"product_brand","embeddable":true,"href":"https:\/\/wool-art.com\/en\/wp-json\/wp\/v2\/product_brand?post=16152"},{"taxonomy":"product_cat","embeddable":true,"href":"https:\/\/wool-art.com\/en\/wp-json\/wp\/v2\/product_cat?post=16152"},{"taxonomy":"product_tag","embeddable":true,"href":"https:\/\/wool-art.com\/en\/wp-json\/wp\/v2\/product_tag?post=16152"}],"curies":[{"name":"wp","href":"https:\/\/api.w.org\/{rel}","templated":true}]}}