{"id":16208,"date":"2024-11-13T12:54:34","date_gmt":"2024-11-13T12:54:34","guid":{"rendered":"https:\/\/wool-art.com\/?post_type=product&#038;p=16208"},"modified":"2025-09-16T07:28:37","modified_gmt":"2025-09-16T07:28:37","slug":"dzemper-12ws02-sa-kapuljacom","status":"publish","type":"product","link":"https:\/\/wool-art.com\/en\/product\/dzemper-12ws02-sa-kapuljacom\/","title":{"rendered":"D\u017dEMPER 12WS02 sa kapulja\u010dom"},"content":{"rendered":"<p>SWEATER with hood<\/p>\n<p>Composition: 100% natural wool.<\/p>\n<p>Handmade product.<\/p>\n<p>Line knit with shades of pastel colors.<\/p>\n<p>White base.<\/p>\n<p>Thin, handy for a transitional period of the year.<\/p>","protected":false},"excerpt":{"rendered":"<p>D\u017dEMPER sa kapulja\u010dom Sastav: 100% prirodna vuna. Ru\u010dno ra\u0111en proizvod. Upletaji linijski sa nijansama pastelnih boja. Osnova bele boje. Tanak,<\/p>","protected":false},"featured_media":16210,"comment_status":"open","ping_status":"closed","template":"","meta":[],"product_brand":[],"product_cat":[77,71],"product_tag":[],"class_list":{"0":"post-16208","1":"product","2":"type-product","3":"status-publish","4":"has-post-thumbnail","6":"product_cat-dzemperi","7":"product_cat-zenska-kolekcija","9":"first","10":"instock","11":"sale","12":"shipping-taxable","13":"purchasable","14":"product-type-variable"},"_links":{"self":[{"href":"https:\/\/wool-art.com\/en\/wp-json\/wp\/v2\/product\/16208","targetHints":{"allow":["GET"]}}],"collection":[{"href":"https:\/\/wool-art.com\/en\/wp-json\/wp\/v2\/product"}],"about":[{"href":"https:\/\/wool-art.com\/en\/wp-json\/wp\/v2\/types\/product"}],"replies":[{"embeddable":true,"href":"https:\/\/wool-art.com\/en\/wp-json\/wp\/v2\/comments?post=16208"}],"version-history":[{"count":1,"href":"https:\/\/wool-art.com\/en\/wp-json\/wp\/v2\/product\/16208\/revisions"}],"predecessor-version":[{"id":16214,"href":"https:\/\/wool-art.com\/en\/wp-json\/wp\/v2\/product\/16208\/revisions\/16214"}],"wp:featuredmedia":[{"embeddable":true,"href":"https:\/\/wool-art.com\/en\/wp-json\/wp\/v2\/media\/16210"}],"wp:attachment":[{"href":"https:\/\/wool-art.com\/en\/wp-json\/wp\/v2\/media?parent=16208"}],"wp:term":[{"taxonomy":"product_brand","embeddable":true,"href":"https:\/\/wool-art.com\/en\/wp-json\/wp\/v2\/product_brand?post=16208"},{"taxonomy":"product_cat","embeddable":true,"href":"https:\/\/wool-art.com\/en\/wp-json\/wp\/v2\/product_cat?post=16208"},{"taxonomy":"product_tag","embeddable":true,"href":"https:\/\/wool-art.com\/en\/wp-json\/wp\/v2\/product_tag?post=16208"}],"curies":[{"name":"wp","href":"https:\/\/api.w.org\/{rel}","templated":true}]}}