{"id":16263,"date":"2024-11-13T13:13:39","date_gmt":"2024-11-13T13:13:39","guid":{"rendered":"https:\/\/wool-art.com\/?post_type=product&#038;p=16263"},"modified":"2026-02-25T11:27:11","modified_gmt":"2026-02-25T11:27:11","slug":"dzemper-20ws05","status":"publish","type":"product","link":"https:\/\/wool-art.com\/en\/product\/dzemper-20ws05\/","title":{"rendered":"D\u017dEMPER 20ws05"},"content":{"rendered":"<div class=\"row\">\n<div class=\"col-md-9\">\n<div class=\"tabs ui-tabs ui-widget ui-widget-content ui-corner-all\">\n<div id=\"tab-description\" class=\"panel entry-content ui-tabs-panel ui-widget-content ui-corner-bottom\" role=\"tabpanel\" aria-labelledby=\"ui-id-1\" aria-hidden=\"false\">\n<div class=\"description-box\">\n<p>Sport SWEATER with nordic weaves. Composition: 100% natural wool. Handmade product. Bright yellow base. Thin, handy  for a transitional period of the year.<\/p>\n<\/div>\n<\/div>\n<\/div>\n<\/div>\n<\/div>","protected":false},"excerpt":{"rendered":"<p>D\u017dEMPER sportski sa nordiskim upletajima. Sastav: 100% prirodna vuna. Ru\u010dno ra\u0111en proizvod. Osnova jarke \u017eute boje. Tanak, zgodan za prelazni<\/p>","protected":false},"featured_media":16265,"comment_status":"open","ping_status":"closed","template":"","meta":[],"product_brand":[],"product_cat":[77,71],"product_tag":[],"class_list":{"0":"post-16263","1":"product","2":"type-product","3":"status-publish","4":"has-post-thumbnail","6":"product_cat-dzemperi","7":"product_cat-zenska-kolekcija","9":"first","10":"instock","11":"sale","12":"shipping-taxable","13":"purchasable","14":"product-type-variable"},"_links":{"self":[{"href":"https:\/\/wool-art.com\/en\/wp-json\/wp\/v2\/product\/16263","targetHints":{"allow":["GET"]}}],"collection":[{"href":"https:\/\/wool-art.com\/en\/wp-json\/wp\/v2\/product"}],"about":[{"href":"https:\/\/wool-art.com\/en\/wp-json\/wp\/v2\/types\/product"}],"replies":[{"embeddable":true,"href":"https:\/\/wool-art.com\/en\/wp-json\/wp\/v2\/comments?post=16263"}],"version-history":[{"count":1,"href":"https:\/\/wool-art.com\/en\/wp-json\/wp\/v2\/product\/16263\/revisions"}],"predecessor-version":[{"id":16269,"href":"https:\/\/wool-art.com\/en\/wp-json\/wp\/v2\/product\/16263\/revisions\/16269"}],"wp:featuredmedia":[{"embeddable":true,"href":"https:\/\/wool-art.com\/en\/wp-json\/wp\/v2\/media\/16265"}],"wp:attachment":[{"href":"https:\/\/wool-art.com\/en\/wp-json\/wp\/v2\/media?parent=16263"}],"wp:term":[{"taxonomy":"product_brand","embeddable":true,"href":"https:\/\/wool-art.com\/en\/wp-json\/wp\/v2\/product_brand?post=16263"},{"taxonomy":"product_cat","embeddable":true,"href":"https:\/\/wool-art.com\/en\/wp-json\/wp\/v2\/product_cat?post=16263"},{"taxonomy":"product_tag","embeddable":true,"href":"https:\/\/wool-art.com\/en\/wp-json\/wp\/v2\/product_tag?post=16263"}],"curies":[{"name":"wp","href":"https:\/\/api.w.org\/{rel}","templated":true}]}}