{"id":16353,"date":"2024-11-13T13:46:51","date_gmt":"2024-11-13T13:46:51","guid":{"rendered":"https:\/\/wool-art.com\/?post_type=product&#038;p=16353"},"modified":"2026-02-24T10:17:05","modified_gmt":"2026-02-24T10:17:05","slug":"marama-20as03","status":"publish","type":"product","link":"https:\/\/wool-art.com\/en\/product\/marama-20as03\/","title":{"rendered":"Marama 20as03"},"content":{"rendered":"<p>Rich and large SCARF.<\/p>\n<p>Composition: 100% natural wool.<\/p>\n<p>Handmade product.<\/p>\n<p>Made with luxurious threads.<\/p>\n<p>It is soft and warm and also can serve as robe.<\/p>","protected":false},"excerpt":{"rendered":"<p>MARAMA velika i bogata. Sastav 100% prirodna vuna. Ru\u010dno ra\u0111en proizvod. Ra\u0111ena sa rasko\u0161nim upletajima. Mo\u017ee slu\u017eiti i kao ogrta\u010d,<\/p>","protected":false},"featured_media":16354,"comment_status":"open","ping_status":"closed","template":"","meta":[],"product_brand":[],"product_cat":[79,71],"product_tag":[],"class_list":{"0":"post-16353","1":"product","2":"type-product","3":"status-publish","4":"has-post-thumbnail","6":"product_cat-marame","7":"product_cat-zenska-kolekcija","9":"first","10":"instock","11":"shipping-taxable","12":"purchasable","13":"product-type-simple"},"_links":{"self":[{"href":"https:\/\/wool-art.com\/en\/wp-json\/wp\/v2\/product\/16353","targetHints":{"allow":["GET"]}}],"collection":[{"href":"https:\/\/wool-art.com\/en\/wp-json\/wp\/v2\/product"}],"about":[{"href":"https:\/\/wool-art.com\/en\/wp-json\/wp\/v2\/types\/product"}],"replies":[{"embeddable":true,"href":"https:\/\/wool-art.com\/en\/wp-json\/wp\/v2\/comments?post=16353"}],"version-history":[{"count":1,"href":"https:\/\/wool-art.com\/en\/wp-json\/wp\/v2\/product\/16353\/revisions"}],"predecessor-version":[{"id":16358,"href":"https:\/\/wool-art.com\/en\/wp-json\/wp\/v2\/product\/16353\/revisions\/16358"}],"wp:featuredmedia":[{"embeddable":true,"href":"https:\/\/wool-art.com\/en\/wp-json\/wp\/v2\/media\/16354"}],"wp:attachment":[{"href":"https:\/\/wool-art.com\/en\/wp-json\/wp\/v2\/media?parent=16353"}],"wp:term":[{"taxonomy":"product_brand","embeddable":true,"href":"https:\/\/wool-art.com\/en\/wp-json\/wp\/v2\/product_brand?post=16353"},{"taxonomy":"product_cat","embeddable":true,"href":"https:\/\/wool-art.com\/en\/wp-json\/wp\/v2\/product_cat?post=16353"},{"taxonomy":"product_tag","embeddable":true,"href":"https:\/\/wool-art.com\/en\/wp-json\/wp\/v2\/product_tag?post=16353"}],"curies":[{"name":"wp","href":"https:\/\/api.w.org\/{rel}","templated":true}]}}