{"id":16727,"date":"2024-11-18T11:02:51","date_gmt":"2024-11-18T11:02:51","guid":{"rendered":"https:\/\/wool-art.com\/?post_type=product&#038;p=16727"},"modified":"2026-02-24T10:41:09","modified_gmt":"2026-02-24T10:41:09","slug":"sal-univerzalni-20wsl06","status":"publish","type":"product","link":"https:\/\/wool-art.com\/en\/product\/sal-univerzalni-20wsl06\/","title":{"rendered":"\u0160AL- univerzalni 20wsl06"},"content":{"rendered":"<p>SCARF- universal, for men and women.<\/p>\n<p>Composition: 100% natural wool.<\/p>\n<p>Handmade product.<\/p>","protected":false},"excerpt":{"rendered":"<p>\u0160AL- univerzalni, i za mu\u0161karce i za \u017eene. Sastav: 100% prirodna vuna. Ru\u010dno ra\u0111en proizvod.<\/p>","protected":false},"featured_media":16728,"comment_status":"open","ping_status":"closed","template":"","meta":[],"product_brand":[],"product_cat":[82,71],"product_tag":[],"class_list":{"0":"post-16727","1":"product","2":"type-product","3":"status-publish","4":"has-post-thumbnail","6":"product_cat-salovi","7":"product_cat-zenska-kolekcija","9":"first","10":"instock","11":"shipping-taxable","12":"purchasable","13":"product-type-simple"},"_links":{"self":[{"href":"https:\/\/wool-art.com\/en\/wp-json\/wp\/v2\/product\/16727","targetHints":{"allow":["GET"]}}],"collection":[{"href":"https:\/\/wool-art.com\/en\/wp-json\/wp\/v2\/product"}],"about":[{"href":"https:\/\/wool-art.com\/en\/wp-json\/wp\/v2\/types\/product"}],"replies":[{"embeddable":true,"href":"https:\/\/wool-art.com\/en\/wp-json\/wp\/v2\/comments?post=16727"}],"version-history":[{"count":1,"href":"https:\/\/wool-art.com\/en\/wp-json\/wp\/v2\/product\/16727\/revisions"}],"predecessor-version":[{"id":16729,"href":"https:\/\/wool-art.com\/en\/wp-json\/wp\/v2\/product\/16727\/revisions\/16729"}],"wp:featuredmedia":[{"embeddable":true,"href":"https:\/\/wool-art.com\/en\/wp-json\/wp\/v2\/media\/16728"}],"wp:attachment":[{"href":"https:\/\/wool-art.com\/en\/wp-json\/wp\/v2\/media?parent=16727"}],"wp:term":[{"taxonomy":"product_brand","embeddable":true,"href":"https:\/\/wool-art.com\/en\/wp-json\/wp\/v2\/product_brand?post=16727"},{"taxonomy":"product_cat","embeddable":true,"href":"https:\/\/wool-art.com\/en\/wp-json\/wp\/v2\/product_cat?post=16727"},{"taxonomy":"product_tag","embeddable":true,"href":"https:\/\/wool-art.com\/en\/wp-json\/wp\/v2\/product_tag?post=16727"}],"curies":[{"name":"wp","href":"https:\/\/api.w.org\/{rel}","templated":true}]}}