{"id":16810,"date":"2024-11-18T11:19:15","date_gmt":"2024-11-18T11:19:15","guid":{"rendered":"https:\/\/wool-art.com\/?post_type=product&#038;p=16810"},"modified":"2026-02-24T13:13:37","modified_gmt":"2026-02-24T13:13:37","slug":"komplet-sal-univerzalni-i-kapa-22set103","status":"publish","type":"product","link":"https:\/\/wool-art.com\/en\/product\/komplet-sal-univerzalni-i-kapa-22set103\/","title":{"rendered":"KOMPLET \u0160AL- univerzalni i KAPA 22SET103"},"content":{"rendered":"<p>Scarf and hat in set. Colour RED.<\/p>\n<p>Composition: 100% natural wool.<\/p>\n<p>Handmade product.<\/p>","protected":false},"excerpt":{"rendered":"<p>Kapa i \u0161al u kompletu. Boja crvena. Sastav: 100% prirodna vuna. Ru\u010dno ra\u0111en proizvod.<\/p>","protected":false},"featured_media":16811,"comment_status":"open","ping_status":"closed","template":"","meta":[],"product_brand":[],"product_cat":[83,71],"product_tag":[],"class_list":{"0":"post-16810","1":"product","2":"type-product","3":"status-publish","4":"has-post-thumbnail","6":"product_cat-setovi","7":"product_cat-zenska-kolekcija","9":"first","10":"instock","11":"shipping-taxable","12":"purchasable","13":"product-type-simple"},"_links":{"self":[{"href":"https:\/\/wool-art.com\/en\/wp-json\/wp\/v2\/product\/16810","targetHints":{"allow":["GET"]}}],"collection":[{"href":"https:\/\/wool-art.com\/en\/wp-json\/wp\/v2\/product"}],"about":[{"href":"https:\/\/wool-art.com\/en\/wp-json\/wp\/v2\/types\/product"}],"replies":[{"embeddable":true,"href":"https:\/\/wool-art.com\/en\/wp-json\/wp\/v2\/comments?post=16810"}],"version-history":[{"count":1,"href":"https:\/\/wool-art.com\/en\/wp-json\/wp\/v2\/product\/16810\/revisions"}],"predecessor-version":[{"id":16813,"href":"https:\/\/wool-art.com\/en\/wp-json\/wp\/v2\/product\/16810\/revisions\/16813"}],"wp:featuredmedia":[{"embeddable":true,"href":"https:\/\/wool-art.com\/en\/wp-json\/wp\/v2\/media\/16811"}],"wp:attachment":[{"href":"https:\/\/wool-art.com\/en\/wp-json\/wp\/v2\/media?parent=16810"}],"wp:term":[{"taxonomy":"product_brand","embeddable":true,"href":"https:\/\/wool-art.com\/en\/wp-json\/wp\/v2\/product_brand?post=16810"},{"taxonomy":"product_cat","embeddable":true,"href":"https:\/\/wool-art.com\/en\/wp-json\/wp\/v2\/product_cat?post=16810"},{"taxonomy":"product_tag","embeddable":true,"href":"https:\/\/wool-art.com\/en\/wp-json\/wp\/v2\/product_tag?post=16810"}],"curies":[{"name":"wp","href":"https:\/\/api.w.org\/{rel}","templated":true}]}}