{"id":16924,"date":"2024-11-18T11:44:09","date_gmt":"2024-11-18T11:44:09","guid":{"rendered":"https:\/\/wool-art.com\/?post_type=product&#038;p=16924"},"modified":"2026-02-24T13:06:29","modified_gmt":"2026-02-24T13:06:29","slug":"komplet-sal-univerzalni-i-kapa-24set1-jarko-plava","status":"publish","type":"product","link":"https:\/\/wool-art.com\/en\/product\/komplet-sal-univerzalni-i-kapa-24set1-jarko-plava\/","title":{"rendered":"KOMPLET \u0160AL- univerzalni i KAPA 24SET1-JARKO PLAVA"},"content":{"rendered":"<div class=\"row\">\n<div class=\"col-md-9\">\n<div class=\"tabs ui-tabs ui-widget ui-widget-content ui-corner-all\">\n<div id=\"tab-description\" class=\"panel entry-content ui-tabs-panel ui-widget-content ui-corner-bottom\" role=\"tabpanel\" aria-labelledby=\"ui-id-1\" aria-hidden=\"false\">\n<div class=\"description-box\">\n<p>Scarf and hat in set. Colour BRIGHT BLUE.<\/p>\n<p>Composition: 100% natural wool.<\/p>\n<p>Handmade product.<\/p>\n<\/div>\n<\/div>\n<\/div>\n<\/div>\n<\/div>","protected":false},"excerpt":{"rendered":"<p>Kapa i \u0161al u kompletu. Boja JARKO PLAVA. Sastav: 100% prirodna vuna. Ru\u010dno ra\u0111en proizvod.<\/p>","protected":false},"featured_media":16925,"comment_status":"open","ping_status":"closed","template":"","meta":[],"product_brand":[],"product_cat":[83,71],"product_tag":[],"class_list":{"0":"post-16924","1":"product","2":"type-product","3":"status-publish","4":"has-post-thumbnail","6":"product_cat-setovi","7":"product_cat-zenska-kolekcija","9":"first","10":"instock","11":"shipping-taxable","12":"purchasable","13":"product-type-simple"},"_links":{"self":[{"href":"https:\/\/wool-art.com\/en\/wp-json\/wp\/v2\/product\/16924","targetHints":{"allow":["GET"]}}],"collection":[{"href":"https:\/\/wool-art.com\/en\/wp-json\/wp\/v2\/product"}],"about":[{"href":"https:\/\/wool-art.com\/en\/wp-json\/wp\/v2\/types\/product"}],"replies":[{"embeddable":true,"href":"https:\/\/wool-art.com\/en\/wp-json\/wp\/v2\/comments?post=16924"}],"version-history":[{"count":1,"href":"https:\/\/wool-art.com\/en\/wp-json\/wp\/v2\/product\/16924\/revisions"}],"predecessor-version":[{"id":16927,"href":"https:\/\/wool-art.com\/en\/wp-json\/wp\/v2\/product\/16924\/revisions\/16927"}],"wp:featuredmedia":[{"embeddable":true,"href":"https:\/\/wool-art.com\/en\/wp-json\/wp\/v2\/media\/16925"}],"wp:attachment":[{"href":"https:\/\/wool-art.com\/en\/wp-json\/wp\/v2\/media?parent=16924"}],"wp:term":[{"taxonomy":"product_brand","embeddable":true,"href":"https:\/\/wool-art.com\/en\/wp-json\/wp\/v2\/product_brand?post=16924"},{"taxonomy":"product_cat","embeddable":true,"href":"https:\/\/wool-art.com\/en\/wp-json\/wp\/v2\/product_cat?post=16924"},{"taxonomy":"product_tag","embeddable":true,"href":"https:\/\/wool-art.com\/en\/wp-json\/wp\/v2\/product_tag?post=16924"}],"curies":[{"name":"wp","href":"https:\/\/api.w.org\/{rel}","templated":true}]}}