{"id":16928,"date":"2024-11-18T11:44:50","date_gmt":"2024-11-18T11:44:50","guid":{"rendered":"https:\/\/wool-art.com\/?post_type=product&#038;p=16928"},"modified":"2026-02-24T13:06:01","modified_gmt":"2026-02-24T13:06:01","slug":"komplet-sal-univerzalnirukavice-i-kapa-24set-ksr1-jako-plava","status":"publish","type":"product","link":"https:\/\/wool-art.com\/en\/product\/komplet-sal-univerzalnirukavice-i-kapa-24set-ksr1-jako-plava\/","title":{"rendered":"KOMPLET \u0160AL- univerzalni,RUKAVICE i KAPA 24SET K\u0160R1-JAKO PLAVA"},"content":{"rendered":"<p>Scarf, gloves and hat in set. Colour WHITE.<\/p>\n<p>Composition: 100% natural wool.<\/p>\n<p>Handmade product.<\/p>","protected":false},"excerpt":{"rendered":"<p>Kapa,rukavice i \u0161al u kompletu. Boja bela. Sastav: 100% prirodna vuna. Ru\u010dno ra\u0111en proizvod.<\/p>","protected":false},"featured_media":16929,"comment_status":"open","ping_status":"closed","template":"","meta":[],"product_brand":[],"product_cat":[83,71],"product_tag":[],"class_list":{"0":"post-16928","1":"product","2":"type-product","3":"status-publish","4":"has-post-thumbnail","6":"product_cat-setovi","7":"product_cat-zenska-kolekcija","9":"first","10":"instock","11":"shipping-taxable","12":"purchasable","13":"product-type-simple"},"_links":{"self":[{"href":"https:\/\/wool-art.com\/en\/wp-json\/wp\/v2\/product\/16928","targetHints":{"allow":["GET"]}}],"collection":[{"href":"https:\/\/wool-art.com\/en\/wp-json\/wp\/v2\/product"}],"about":[{"href":"https:\/\/wool-art.com\/en\/wp-json\/wp\/v2\/types\/product"}],"replies":[{"embeddable":true,"href":"https:\/\/wool-art.com\/en\/wp-json\/wp\/v2\/comments?post=16928"}],"version-history":[{"count":1,"href":"https:\/\/wool-art.com\/en\/wp-json\/wp\/v2\/product\/16928\/revisions"}],"predecessor-version":[{"id":16931,"href":"https:\/\/wool-art.com\/en\/wp-json\/wp\/v2\/product\/16928\/revisions\/16931"}],"wp:featuredmedia":[{"embeddable":true,"href":"https:\/\/wool-art.com\/en\/wp-json\/wp\/v2\/media\/16929"}],"wp:attachment":[{"href":"https:\/\/wool-art.com\/en\/wp-json\/wp\/v2\/media?parent=16928"}],"wp:term":[{"taxonomy":"product_brand","embeddable":true,"href":"https:\/\/wool-art.com\/en\/wp-json\/wp\/v2\/product_brand?post=16928"},{"taxonomy":"product_cat","embeddable":true,"href":"https:\/\/wool-art.com\/en\/wp-json\/wp\/v2\/product_cat?post=16928"},{"taxonomy":"product_tag","embeddable":true,"href":"https:\/\/wool-art.com\/en\/wp-json\/wp\/v2\/product_tag?post=16928"}],"curies":[{"name":"wp","href":"https:\/\/api.w.org\/{rel}","templated":true}]}}