{"id":17073,"date":"2024-11-18T12:12:44","date_gmt":"2024-11-18T12:12:44","guid":{"rendered":"https:\/\/wool-art.com\/?post_type=product&#038;p=17073"},"modified":"2025-09-15T16:12:37","modified_gmt":"2025-09-15T16:12:37","slug":"carape-01560115","status":"publish","type":"product","link":"https:\/\/wool-art.com\/en\/product\/carape-01560115\/","title":{"rendered":"\u010cARAPE 01560115"},"content":{"rendered":"<p>Grey SOCKS.<\/p>\n<p>Composition: 100% natural wool.<\/p>\n<p>Handmade product.<\/p>","protected":false},"excerpt":{"rendered":"<p>\u010cARAPE sive Sastav: 100% prirodna vuna. Ru\u010dno ra\u0111en proizvod.<\/p>","protected":false},"featured_media":17074,"comment_status":"open","ping_status":"closed","template":"","meta":[],"product_brand":[],"product_cat":[84,71],"product_tag":[],"class_list":{"0":"post-17073","1":"product","2":"type-product","3":"status-publish","4":"has-post-thumbnail","6":"product_cat-carape","7":"product_cat-zenska-kolekcija","9":"first","10":"instock","11":"shipping-taxable","12":"purchasable","13":"product-type-variable"},"_links":{"self":[{"href":"https:\/\/wool-art.com\/en\/wp-json\/wp\/v2\/product\/17073","targetHints":{"allow":["GET"]}}],"collection":[{"href":"https:\/\/wool-art.com\/en\/wp-json\/wp\/v2\/product"}],"about":[{"href":"https:\/\/wool-art.com\/en\/wp-json\/wp\/v2\/types\/product"}],"replies":[{"embeddable":true,"href":"https:\/\/wool-art.com\/en\/wp-json\/wp\/v2\/comments?post=17073"}],"version-history":[{"count":1,"href":"https:\/\/wool-art.com\/en\/wp-json\/wp\/v2\/product\/17073\/revisions"}],"predecessor-version":[{"id":17075,"href":"https:\/\/wool-art.com\/en\/wp-json\/wp\/v2\/product\/17073\/revisions\/17075"}],"wp:featuredmedia":[{"embeddable":true,"href":"https:\/\/wool-art.com\/en\/wp-json\/wp\/v2\/media\/17074"}],"wp:attachment":[{"href":"https:\/\/wool-art.com\/en\/wp-json\/wp\/v2\/media?parent=17073"}],"wp:term":[{"taxonomy":"product_brand","embeddable":true,"href":"https:\/\/wool-art.com\/en\/wp-json\/wp\/v2\/product_brand?post=17073"},{"taxonomy":"product_cat","embeddable":true,"href":"https:\/\/wool-art.com\/en\/wp-json\/wp\/v2\/product_cat?post=17073"},{"taxonomy":"product_tag","embeddable":true,"href":"https:\/\/wool-art.com\/en\/wp-json\/wp\/v2\/product_tag?post=17073"}],"curies":[{"name":"wp","href":"https:\/\/api.w.org\/{rel}","templated":true}]}}