{"id":17098,"date":"2024-11-18T12:17:01","date_gmt":"2024-11-18T12:17:01","guid":{"rendered":"https:\/\/wool-art.com\/?post_type=product&#038;p=17098"},"modified":"2026-01-30T14:40:35","modified_gmt":"2026-01-30T14:40:35","slug":"carape-sa-vezom-kicanke-12as08","status":"publish","type":"product","link":"https:\/\/wool-art.com\/en\/product\/carape-sa-vezom-kicanke-12as08\/","title":{"rendered":"\u010cARAPE sa vezom ki\u0107anke 12as08"},"content":{"rendered":"<p>SOCKS with embroidery- tassels.<\/p>\n<p>Composition: 100% natural wool.<\/p>\n<p>Handmade product.<\/p>","protected":false},"excerpt":{"rendered":"<p>\u010cARAPE sa vezom \u2013 ki\u0107anke. Sastav: 100% prirodna vuna. Ru\u010dno ra\u0111en proizvod.<\/p>","protected":false},"featured_media":17099,"comment_status":"open","ping_status":"closed","template":"","meta":[],"product_brand":[],"product_cat":[84,71],"product_tag":[],"class_list":{"0":"post-17098","1":"product","2":"type-product","3":"status-publish","4":"has-post-thumbnail","6":"product_cat-carape","7":"product_cat-zenska-kolekcija","9":"first","10":"instock","11":"sale","12":"shipping-taxable","13":"purchasable","14":"product-type-variable"},"_links":{"self":[{"href":"https:\/\/wool-art.com\/en\/wp-json\/wp\/v2\/product\/17098","targetHints":{"allow":["GET"]}}],"collection":[{"href":"https:\/\/wool-art.com\/en\/wp-json\/wp\/v2\/product"}],"about":[{"href":"https:\/\/wool-art.com\/en\/wp-json\/wp\/v2\/types\/product"}],"replies":[{"embeddable":true,"href":"https:\/\/wool-art.com\/en\/wp-json\/wp\/v2\/comments?post=17098"}],"version-history":[{"count":1,"href":"https:\/\/wool-art.com\/en\/wp-json\/wp\/v2\/product\/17098\/revisions"}],"predecessor-version":[{"id":17102,"href":"https:\/\/wool-art.com\/en\/wp-json\/wp\/v2\/product\/17098\/revisions\/17102"}],"wp:featuredmedia":[{"embeddable":true,"href":"https:\/\/wool-art.com\/en\/wp-json\/wp\/v2\/media\/17099"}],"wp:attachment":[{"href":"https:\/\/wool-art.com\/en\/wp-json\/wp\/v2\/media?parent=17098"}],"wp:term":[{"taxonomy":"product_brand","embeddable":true,"href":"https:\/\/wool-art.com\/en\/wp-json\/wp\/v2\/product_brand?post=17098"},{"taxonomy":"product_cat","embeddable":true,"href":"https:\/\/wool-art.com\/en\/wp-json\/wp\/v2\/product_cat?post=17098"},{"taxonomy":"product_tag","embeddable":true,"href":"https:\/\/wool-art.com\/en\/wp-json\/wp\/v2\/product_tag?post=17098"}],"curies":[{"name":"wp","href":"https:\/\/api.w.org\/{rel}","templated":true}]}}