{"id":17407,"date":"2025-07-25T10:31:00","date_gmt":"2025-07-25T10:31:00","guid":{"rendered":"https:\/\/wool-art.com\/?post_type=product&#038;p=17407"},"modified":"2025-11-20T23:09:40","modified_gmt":"2025-11-20T23:09:40","slug":"dzemper-20ms03","status":"publish","type":"product","link":"https:\/\/wool-art.com\/en\/product\/dzemper-20ms03\/","title":{"rendered":"D\u017eemper 20ms03"},"content":{"rendered":"<p>Navy blue SWEATER with zip closure.<\/p>\n<p>Composition: 100% natural wool.<\/p>\n<p>Handmade product.<\/p>","protected":false},"excerpt":{"rendered":"<p>D\u017dEMPER teget boje sa zip zatvara\u010dem. Sastav: 100% prirodna vuna. Ru\u010dno ra\u0111en proizvod.<\/p>","protected":false},"featured_media":17408,"comment_status":"open","ping_status":"closed","template":"","meta":[],"product_brand":[],"product_cat":[87,72],"product_tag":[],"class_list":{"0":"post-17407","1":"product","2":"type-product","3":"status-publish","4":"has-post-thumbnail","6":"product_cat-dzemperi-muska-kolekcija","7":"product_cat-muska-kolekcija","9":"first","10":"instock","11":"sale","12":"shipping-taxable","13":"purchasable","14":"product-type-variable"},"_links":{"self":[{"href":"https:\/\/wool-art.com\/en\/wp-json\/wp\/v2\/product\/17407","targetHints":{"allow":["GET"]}}],"collection":[{"href":"https:\/\/wool-art.com\/en\/wp-json\/wp\/v2\/product"}],"about":[{"href":"https:\/\/wool-art.com\/en\/wp-json\/wp\/v2\/types\/product"}],"replies":[{"embeddable":true,"href":"https:\/\/wool-art.com\/en\/wp-json\/wp\/v2\/comments?post=17407"}],"version-history":[{"count":1,"href":"https:\/\/wool-art.com\/en\/wp-json\/wp\/v2\/product\/17407\/revisions"}],"predecessor-version":[{"id":17412,"href":"https:\/\/wool-art.com\/en\/wp-json\/wp\/v2\/product\/17407\/revisions\/17412"}],"wp:featuredmedia":[{"embeddable":true,"href":"https:\/\/wool-art.com\/en\/wp-json\/wp\/v2\/media\/17408"}],"wp:attachment":[{"href":"https:\/\/wool-art.com\/en\/wp-json\/wp\/v2\/media?parent=17407"}],"wp:term":[{"taxonomy":"product_brand","embeddable":true,"href":"https:\/\/wool-art.com\/en\/wp-json\/wp\/v2\/product_brand?post=17407"},{"taxonomy":"product_cat","embeddable":true,"href":"https:\/\/wool-art.com\/en\/wp-json\/wp\/v2\/product_cat?post=17407"},{"taxonomy":"product_tag","embeddable":true,"href":"https:\/\/wool-art.com\/en\/wp-json\/wp\/v2\/product_tag?post=17407"}],"curies":[{"name":"wp","href":"https:\/\/api.w.org\/{rel}","templated":true}]}}