{"id":17917,"date":"2024-11-19T13:28:51","date_gmt":"2024-11-19T13:28:51","guid":{"rendered":"https:\/\/wool-art.com\/?post_type=product&#038;p=17917"},"modified":"2025-09-10T18:25:46","modified_gmt":"2025-09-10T18:25:46","slug":"ponco-20dpo03","status":"publish","type":"product","link":"https:\/\/wool-art.com\/en\/product\/ponco-20dpo03\/","title":{"rendered":"PON\u010cO 20DPO03"},"content":{"rendered":"<p>Children's PONCHO.<\/p>\n<p>Composition: 100% natural wool.<\/p>\n<p>Handmade product.<\/p>","protected":false},"excerpt":{"rendered":"<p>PON\u010cO de\u010diji. Sastav: 100% prirodna vuna. Ru\u010dno radjen proizvod.<\/p>","protected":false},"featured_media":17919,"comment_status":"open","ping_status":"closed","template":"","meta":[],"product_brand":[],"product_cat":[74,96],"product_tag":[],"class_list":{"0":"post-17917","1":"product","2":"type-product","3":"status-publish","4":"has-post-thumbnail","6":"product_cat-decija-kolekcija","7":"product_cat-ponco-decija-kolekcija","9":"first","10":"instock","11":"shipping-taxable","12":"purchasable","13":"product-type-variable"},"_links":{"self":[{"href":"https:\/\/wool-art.com\/en\/wp-json\/wp\/v2\/product\/17917","targetHints":{"allow":["GET"]}}],"collection":[{"href":"https:\/\/wool-art.com\/en\/wp-json\/wp\/v2\/product"}],"about":[{"href":"https:\/\/wool-art.com\/en\/wp-json\/wp\/v2\/types\/product"}],"replies":[{"embeddable":true,"href":"https:\/\/wool-art.com\/en\/wp-json\/wp\/v2\/comments?post=17917"}],"version-history":[{"count":1,"href":"https:\/\/wool-art.com\/en\/wp-json\/wp\/v2\/product\/17917\/revisions"}],"predecessor-version":[{"id":17921,"href":"https:\/\/wool-art.com\/en\/wp-json\/wp\/v2\/product\/17917\/revisions\/17921"}],"wp:featuredmedia":[{"embeddable":true,"href":"https:\/\/wool-art.com\/en\/wp-json\/wp\/v2\/media\/17919"}],"wp:attachment":[{"href":"https:\/\/wool-art.com\/en\/wp-json\/wp\/v2\/media?parent=17917"}],"wp:term":[{"taxonomy":"product_brand","embeddable":true,"href":"https:\/\/wool-art.com\/en\/wp-json\/wp\/v2\/product_brand?post=17917"},{"taxonomy":"product_cat","embeddable":true,"href":"https:\/\/wool-art.com\/en\/wp-json\/wp\/v2\/product_cat?post=17917"},{"taxonomy":"product_tag","embeddable":true,"href":"https:\/\/wool-art.com\/en\/wp-json\/wp\/v2\/product_tag?post=17917"}],"curies":[{"name":"wp","href":"https:\/\/api.w.org\/{rel}","templated":true}]}}