{"id":17955,"date":"2024-11-19T13:36:07","date_gmt":"2024-11-19T13:36:07","guid":{"rendered":"https:\/\/wool-art.com\/?post_type=product&#038;p=17955"},"modified":"2025-09-10T18:17:08","modified_gmt":"2025-09-10T18:17:08","slug":"prsluk-20dpr01","status":"publish","type":"product","link":"https:\/\/wool-art.com\/en\/product\/prsluk-20dpr01\/","title":{"rendered":"Prsluk 20DPR01"},"content":{"rendered":"<p>Children's vest for cold winter days.<\/p>\n<p>Composition: 100% natural wool.<\/p>\n<p>Handmade product<\/p>","protected":false},"excerpt":{"rendered":"<p>De\u010diji prsluk za hladne zimske dane. Sastav: 100% prirodna vuna. Ru\u010dno ra\u0111en proizvod<\/p>","protected":false},"featured_media":17957,"comment_status":"open","ping_status":"closed","template":"","meta":[],"product_brand":[],"product_cat":[74,98],"product_tag":[],"class_list":{"0":"post-17955","1":"product","2":"type-product","3":"status-publish","4":"has-post-thumbnail","6":"product_cat-decija-kolekcija","7":"product_cat-prsluci-decija-kolekcija","9":"first","10":"instock","11":"shipping-taxable","12":"purchasable","13":"product-type-variable"},"_links":{"self":[{"href":"https:\/\/wool-art.com\/en\/wp-json\/wp\/v2\/product\/17955","targetHints":{"allow":["GET"]}}],"collection":[{"href":"https:\/\/wool-art.com\/en\/wp-json\/wp\/v2\/product"}],"about":[{"href":"https:\/\/wool-art.com\/en\/wp-json\/wp\/v2\/types\/product"}],"replies":[{"embeddable":true,"href":"https:\/\/wool-art.com\/en\/wp-json\/wp\/v2\/comments?post=17955"}],"version-history":[{"count":1,"href":"https:\/\/wool-art.com\/en\/wp-json\/wp\/v2\/product\/17955\/revisions"}],"predecessor-version":[{"id":17959,"href":"https:\/\/wool-art.com\/en\/wp-json\/wp\/v2\/product\/17955\/revisions\/17959"}],"wp:featuredmedia":[{"embeddable":true,"href":"https:\/\/wool-art.com\/en\/wp-json\/wp\/v2\/media\/17957"}],"wp:attachment":[{"href":"https:\/\/wool-art.com\/en\/wp-json\/wp\/v2\/media?parent=17955"}],"wp:term":[{"taxonomy":"product_brand","embeddable":true,"href":"https:\/\/wool-art.com\/en\/wp-json\/wp\/v2\/product_brand?post=17955"},{"taxonomy":"product_cat","embeddable":true,"href":"https:\/\/wool-art.com\/en\/wp-json\/wp\/v2\/product_cat?post=17955"},{"taxonomy":"product_tag","embeddable":true,"href":"https:\/\/wool-art.com\/en\/wp-json\/wp\/v2\/product_tag?post=17955"}],"curies":[{"name":"wp","href":"https:\/\/api.w.org\/{rel}","templated":true}]}}