{"id":18004,"date":"2024-11-19T13:45:15","date_gmt":"2024-11-19T13:45:15","guid":{"rendered":"https:\/\/wool-art.com\/?post_type=product&#038;p=18004"},"modified":"2025-09-10T18:07:53","modified_gmt":"2025-09-10T18:07:53","slug":"kapa-kicanka-20dkp07","status":"publish","type":"product","link":"https:\/\/wool-art.com\/en\/product\/kapa-kicanka-20dkp07\/","title":{"rendered":"KAPA ki\u0107anka 20DKP07"},"content":{"rendered":"<p>Tassel HAT<\/p>\n<p>Composition: 100% natural wool.<\/p>\n<p>Handmade product<\/p>","protected":false},"excerpt":{"rendered":"<p>KAPA ki\u0107anka Sastav: 100% prirodna vuna Ru\u010dno ra\u0111en proizvod<\/p>","protected":false},"featured_media":18006,"comment_status":"open","ping_status":"closed","template":"","meta":[],"product_brand":[],"product_cat":[74,99],"product_tag":[],"class_list":{"0":"post-18004","1":"product","2":"type-product","3":"status-publish","4":"has-post-thumbnail","6":"product_cat-decija-kolekcija","7":"product_cat-kape-decija-kolekcija","9":"first","10":"instock","11":"shipping-taxable","12":"purchasable","13":"product-type-variable"},"_links":{"self":[{"href":"https:\/\/wool-art.com\/en\/wp-json\/wp\/v2\/product\/18004","targetHints":{"allow":["GET"]}}],"collection":[{"href":"https:\/\/wool-art.com\/en\/wp-json\/wp\/v2\/product"}],"about":[{"href":"https:\/\/wool-art.com\/en\/wp-json\/wp\/v2\/types\/product"}],"replies":[{"embeddable":true,"href":"https:\/\/wool-art.com\/en\/wp-json\/wp\/v2\/comments?post=18004"}],"version-history":[{"count":1,"href":"https:\/\/wool-art.com\/en\/wp-json\/wp\/v2\/product\/18004\/revisions"}],"predecessor-version":[{"id":18007,"href":"https:\/\/wool-art.com\/en\/wp-json\/wp\/v2\/product\/18004\/revisions\/18007"}],"wp:featuredmedia":[{"embeddable":true,"href":"https:\/\/wool-art.com\/en\/wp-json\/wp\/v2\/media\/18006"}],"wp:attachment":[{"href":"https:\/\/wool-art.com\/en\/wp-json\/wp\/v2\/media?parent=18004"}],"wp:term":[{"taxonomy":"product_brand","embeddable":true,"href":"https:\/\/wool-art.com\/en\/wp-json\/wp\/v2\/product_brand?post=18004"},{"taxonomy":"product_cat","embeddable":true,"href":"https:\/\/wool-art.com\/en\/wp-json\/wp\/v2\/product_cat?post=18004"},{"taxonomy":"product_tag","embeddable":true,"href":"https:\/\/wool-art.com\/en\/wp-json\/wp\/v2\/product_tag?post=18004"}],"curies":[{"name":"wp","href":"https:\/\/api.w.org\/{rel}","templated":true}]}}