{"id":18028,"date":"2024-11-19T13:49:01","date_gmt":"2024-11-19T13:49:01","guid":{"rendered":"https:\/\/wool-art.com\/?post_type=product&#038;p=18028"},"modified":"2025-09-10T17:58:33","modified_gmt":"2025-09-10T17:58:33","slug":"kapa-kicanka-20dkp01","status":"publish","type":"product","link":"https:\/\/wool-art.com\/en\/product\/kapa-kicanka-20dkp01\/","title":{"rendered":"KAPA ki\u0107anka 20DKP01"},"content":{"rendered":"<p>Tassel HAT<\/p>\n<p>Composition: 100% natural wool.<\/p>\n<p>Handmade product<\/p>","protected":false},"excerpt":{"rendered":"<p>KAPA ki\u0107anka Sastav: 100% prirodna vuna Ru\u010dno ra\u0111en proizvod<\/p>","protected":false},"featured_media":18030,"comment_status":"open","ping_status":"closed","template":"","meta":[],"product_brand":[],"product_cat":[74,99],"product_tag":[],"class_list":{"0":"post-18028","1":"product","2":"type-product","3":"status-publish","4":"has-post-thumbnail","6":"product_cat-decija-kolekcija","7":"product_cat-kape-decija-kolekcija","9":"first","10":"instock","11":"shipping-taxable","12":"purchasable","13":"product-type-variable"},"_links":{"self":[{"href":"https:\/\/wool-art.com\/en\/wp-json\/wp\/v2\/product\/18028","targetHints":{"allow":["GET"]}}],"collection":[{"href":"https:\/\/wool-art.com\/en\/wp-json\/wp\/v2\/product"}],"about":[{"href":"https:\/\/wool-art.com\/en\/wp-json\/wp\/v2\/types\/product"}],"replies":[{"embeddable":true,"href":"https:\/\/wool-art.com\/en\/wp-json\/wp\/v2\/comments?post=18028"}],"version-history":[{"count":2,"href":"https:\/\/wool-art.com\/en\/wp-json\/wp\/v2\/product\/18028\/revisions"}],"predecessor-version":[{"id":18347,"href":"https:\/\/wool-art.com\/en\/wp-json\/wp\/v2\/product\/18028\/revisions\/18347"}],"wp:featuredmedia":[{"embeddable":true,"href":"https:\/\/wool-art.com\/en\/wp-json\/wp\/v2\/media\/18030"}],"wp:attachment":[{"href":"https:\/\/wool-art.com\/en\/wp-json\/wp\/v2\/media?parent=18028"}],"wp:term":[{"taxonomy":"product_brand","embeddable":true,"href":"https:\/\/wool-art.com\/en\/wp-json\/wp\/v2\/product_brand?post=18028"},{"taxonomy":"product_cat","embeddable":true,"href":"https:\/\/wool-art.com\/en\/wp-json\/wp\/v2\/product_cat?post=18028"},{"taxonomy":"product_tag","embeddable":true,"href":"https:\/\/wool-art.com\/en\/wp-json\/wp\/v2\/product_tag?post=18028"}],"curies":[{"name":"wp","href":"https:\/\/api.w.org\/{rel}","templated":true}]}}