{"id":18481,"date":"2025-10-27T11:19:17","date_gmt":"2025-10-27T11:19:17","guid":{"rendered":"https:\/\/wool-art.com\/?post_type=product&#038;p=18481"},"modified":"2026-04-30T09:23:56","modified_gmt":"2026-04-30T09:23:56","slug":"kardigan-25wj02","status":"publish","type":"product","link":"https:\/\/wool-art.com\/en\/product\/kardigan-25wj02\/","title":{"rendered":"KARDIGAN 25WJ02"},"content":{"rendered":"<p>\u017denski vuneni kardigan 25WJ02 je model ru\u010dno izra\u0111en od 100% vune. Opis modela: svetlo sive boje \u010dvrstog pletenja sa reverima, pojasom, izrezom pozadi i ru\u010dno ra\u0111enim cvetovima. Ovaj komad donosi spoj prirodnog materijala, funkcionalnosti i prepoznatljivog Wool Art izraza.<\/p>\n<p>Model se nosi umesto kaputa, udoban je, efektan i prefinjen, sa detaljima izvedenim tehnikom heklanja i veza. Model je namenjen za no\u0161enje od jutra do ve\u010deri i posebne prilike i lako se uklapa u svakodnevne, elegantne ili upe\u010datljive zimske kombinacije. Ovaj model je dobar izbor za \u017eene koje \u017eele kvalitetnu garderobu od prirodnih materijala, toplinu, udobnost i autenti\u010dan karakter ru\u010dne izrade.<\/p>\n<p>Sastav: 100% vuna.<br \/>\nHandmade product.<\/p>\n<p>NOTE: The model is made to order. You can also order the details in your color combination.<\/p>","protected":false},"excerpt":{"rendered":"<p>Ru\u010dno ra\u0111en \u017eenski vuneni kardigan svetlo sive boje \u010dvrstog pletenja sa reverima, pojasom, izrezom pozadi i ru\u010dno ra\u0111enim cvetovima. Izra\u0111en od 100% vune, pogodan za no\u0161enje od jutra do ve\u010deri i posebne prilike.<\/p>","protected":false},"featured_media":18482,"comment_status":"open","ping_status":"closed","template":"","meta":[],"product_brand":[],"product_cat":[70],"product_tag":[],"class_list":{"0":"post-18481","1":"product","2":"type-product","3":"status-publish","4":"has-post-thumbnail","6":"product_cat-jakne-kardigani","8":"first","9":"instock","10":"shipping-taxable","11":"purchasable","12":"product-type-variable"},"_links":{"self":[{"href":"https:\/\/wool-art.com\/en\/wp-json\/wp\/v2\/product\/18481","targetHints":{"allow":["GET"]}}],"collection":[{"href":"https:\/\/wool-art.com\/en\/wp-json\/wp\/v2\/product"}],"about":[{"href":"https:\/\/wool-art.com\/en\/wp-json\/wp\/v2\/types\/product"}],"replies":[{"embeddable":true,"href":"https:\/\/wool-art.com\/en\/wp-json\/wp\/v2\/comments?post=18481"}],"version-history":[{"count":2,"href":"https:\/\/wool-art.com\/en\/wp-json\/wp\/v2\/product\/18481\/revisions"}],"predecessor-version":[{"id":56791,"href":"https:\/\/wool-art.com\/en\/wp-json\/wp\/v2\/product\/18481\/revisions\/56791"}],"wp:featuredmedia":[{"embeddable":true,"href":"https:\/\/wool-art.com\/en\/wp-json\/wp\/v2\/media\/18482"}],"wp:attachment":[{"href":"https:\/\/wool-art.com\/en\/wp-json\/wp\/v2\/media?parent=18481"}],"wp:term":[{"taxonomy":"product_brand","embeddable":true,"href":"https:\/\/wool-art.com\/en\/wp-json\/wp\/v2\/product_brand?post=18481"},{"taxonomy":"product_cat","embeddable":true,"href":"https:\/\/wool-art.com\/en\/wp-json\/wp\/v2\/product_cat?post=18481"},{"taxonomy":"product_tag","embeddable":true,"href":"https:\/\/wool-art.com\/en\/wp-json\/wp\/v2\/product_tag?post=18481"}],"curies":[{"name":"wp","href":"https:\/\/api.w.org\/{rel}","templated":true}]}}