{"id":18568,"date":"2025-10-28T11:37:22","date_gmt":"2025-10-28T11:37:22","guid":{"rendered":"https:\/\/wool-art.com\/?post_type=product&#038;p=18568"},"modified":"2026-02-24T10:51:25","modified_gmt":"2026-02-24T10:51:25","slug":"marama-25as02","status":"publish","type":"product","link":"https:\/\/wool-art.com\/en\/product\/marama-25as02\/","title":{"rendered":"Marama 25AS02"},"content":{"rendered":"<p>Rich and large scarf in light gray coulor with embrodery flowers.<\/p>\n<p>Composition: 100% natural wool.<\/p>\n<p>Handmade product.<\/p>\n<p>Made with luxurious threads in the form of a triangle.<\/p>\n<p>It is soft and warm and also can serve as robe.<\/p>","protected":false},"excerpt":{"rendered":"<p>MARAMA svetlo siva velika i bogata sa raznobojnim vezenim cvetnim detaljima. Sastav 100% prirodna vuna. Ru\u010dno ra\u0111en proizvod. Ra\u0111ena sa<\/p>","protected":false},"featured_media":18569,"comment_status":"open","ping_status":"closed","template":"","meta":[],"product_brand":[],"product_cat":[79],"product_tag":[],"class_list":{"0":"post-18568","1":"product","2":"type-product","3":"status-publish","4":"has-post-thumbnail","6":"product_cat-marame","8":"first","9":"instock","10":"shipping-taxable","11":"purchasable","12":"product-type-simple"},"_links":{"self":[{"href":"https:\/\/wool-art.com\/en\/wp-json\/wp\/v2\/product\/18568","targetHints":{"allow":["GET"]}}],"collection":[{"href":"https:\/\/wool-art.com\/en\/wp-json\/wp\/v2\/product"}],"about":[{"href":"https:\/\/wool-art.com\/en\/wp-json\/wp\/v2\/types\/product"}],"replies":[{"embeddable":true,"href":"https:\/\/wool-art.com\/en\/wp-json\/wp\/v2\/comments?post=18568"}],"version-history":[{"count":1,"href":"https:\/\/wool-art.com\/en\/wp-json\/wp\/v2\/product\/18568\/revisions"}],"predecessor-version":[{"id":18575,"href":"https:\/\/wool-art.com\/en\/wp-json\/wp\/v2\/product\/18568\/revisions\/18575"}],"wp:featuredmedia":[{"embeddable":true,"href":"https:\/\/wool-art.com\/en\/wp-json\/wp\/v2\/media\/18569"}],"wp:attachment":[{"href":"https:\/\/wool-art.com\/en\/wp-json\/wp\/v2\/media?parent=18568"}],"wp:term":[{"taxonomy":"product_brand","embeddable":true,"href":"https:\/\/wool-art.com\/en\/wp-json\/wp\/v2\/product_brand?post=18568"},{"taxonomy":"product_cat","embeddable":true,"href":"https:\/\/wool-art.com\/en\/wp-json\/wp\/v2\/product_cat?post=18568"},{"taxonomy":"product_tag","embeddable":true,"href":"https:\/\/wool-art.com\/en\/wp-json\/wp\/v2\/product_tag?post=18568"}],"curies":[{"name":"wp","href":"https:\/\/api.w.org\/{rel}","templated":true}]}}